{"id":1068,"date":"2020-03-13T19:29:53","date_gmt":"2020-03-13T19:29:53","guid":{"rendered":"http:\/\/www.ramaokanagan.org\/?page_id=1068"},"modified":"2022-04-21T04:50:11","modified_gmt":"2022-04-21T04:50:11","slug":"contact-us","status":"publish","type":"page","link":"https:\/\/www.ramaokanagan.org\/es\/contact-us\/","title":{"rendered":"Cont\u00e1ctenos"},"content":{"rendered":"<p>Puede contactar a RAMA por medio de:<\/p>\n\n\n\n<p><strong>Telefono\/WhatsApp:<\/strong>: 250-215-3415 (Ingl\u00e9s o Espa\u00f1ol)<br><strong>E-mail<\/strong>: RamaOkanagan@Gmail.com <br><strong>Facebook<\/strong>: Rama Okanagan (<a rel=\"noreferrer noopener\" href=\"https:\/\/www.facebook.com\/ramaokanagan\" target=\"_blank\">https:\/\/www.facebook.com\/ramaokanagan<\/a>)<\/p>\n\n\n\n<p><strong>Un mensaje para periodistas e investigadores:<\/strong><\/p>\n\n\n\n<p>RAMA reconoce y valora el trabajo que realizan los periodistas e investigadores para dar a conocer las experiencias de los trabajadores migrantes tanto en el \u00e1mbito acad\u00e9mico como con el p\u00fablico. Valoramos la investigaci\u00f3n y el periodismo que se enfoca en promover los objetivos de justicia para migrantes y que responde a las necesidades de la comunidad migrante. Sin embargo, tambi\u00e9n reconocemos los innumerables problemas con los investigadores y periodistas que se aprovechan las relaciones de confianza y reciprocidad que los defensores y activistas han forjado durante muchos a\u00f1os con la comunidad migrante, y que explotan a los trabajadores migrantes para promover sus propios objetivos acad\u00e9micos o profesionales o perpetuar el ciclo medi\u00e1tico de 24 horas.<\/p>\n\n\n\n<p>Por lo tanto, es pol\u00edtica de RAMA no actuar como un puente entre la comunidad migrante y los periodistas o acad\u00e9micos. Solo trabajaremos con investigadores acad\u00e9micos y periodistas cuando los miembros de la comunidad migrante se acerquen a nuestra organizaci\u00f3n con solicitudes para compartir sus historias o abordar los problemas que ellos mismos identifican.<\/p>","protected":false},"excerpt":{"rendered":"<p>RAMA can be contacted at: Phone\/WhatsApp: 250-215-3415 (Spanish or English)E-mail: RamaOkanagan@Gmail.com Facebook: Rama Okanagan (https:\/\/www.facebook.com\/ramaokanagan) A message for journalists and researchers: RAMA recognizes and values the work journalists and researchers do to raise the profile of migrant workers\u2019 experiences in both the academic and public spheres. We value research and journalism that focuses on furthering migrant justice aims and that [&hellip;]<\/p>","protected":false},"author":1,"featured_media":0,"parent":0,"menu_order":0,"comment_status":"closed","ping_status":"closed","template":"","meta":{"_uag_custom_page_level_css":"","jetpack_post_was_ever_published":false,"footnotes":""},"class_list":["post-1068","page","type-page","status-publish","hentry"],"uagb_featured_image_src":{"full":false,"thumbnail":false,"medium":false,"medium_large":false,"large":false,"elegant_blocks_team_1":false,"elegant_blocks_blog_1":false,"elegant_blocks_slider_1":false,"1536x1536":false,"2048x2048":false,"trp-custom-language-flag":false,"bizberg_medium":false,"bizberg_gallery":false,"bizberg_blog_list":false,"bizberg_detail_image":false,"bizberg_detail_image_no_sidebar":false,"bizberg_portfolio_homepage":false,"bizberg_blog_list_no_sidebar_1":false},"uagb_author_info":{"display_name":"RAMA Okanagan","author_link":"https:\/\/www.ramaokanagan.org\/es\/author\/kelisehahngmail-com\/"},"uagb_comment_info":0,"uagb_excerpt":"RAMA can be contacted at: Phone\/WhatsApp: 250-215-3415 (Spanish or English)E-mail: RamaOkanagan@Gmail.com Facebook: Rama Okanagan (https:\/\/www.facebook.com\/ramaokanagan) A message for journalists and researchers: RAMA recognizes and values the work journalists and researchers do to raise the profile of migrant workers\u2019 experiences in both the academic and public spheres. We value research and journalism that focuses on furthering&hellip;","jetpack_sharing_enabled":true,"jetpack_shortlink":"https:\/\/wp.me\/P60BJJ-he","_links":{"self":[{"href":"https:\/\/www.ramaokanagan.org\/es\/wp-json\/wp\/v2\/pages\/1068","targetHints":{"allow":["GET"]}}],"collection":[{"href":"https:\/\/www.ramaokanagan.org\/es\/wp-json\/wp\/v2\/pages"}],"about":[{"href":"https:\/\/www.ramaokanagan.org\/es\/wp-json\/wp\/v2\/types\/page"}],"author":[{"embeddable":true,"href":"https:\/\/www.ramaokanagan.org\/es\/wp-json\/wp\/v2\/users\/1"}],"replies":[{"embeddable":true,"href":"https:\/\/www.ramaokanagan.org\/es\/wp-json\/wp\/v2\/comments?post=1068"}],"version-history":[{"count":5,"href":"https:\/\/www.ramaokanagan.org\/es\/wp-json\/wp\/v2\/pages\/1068\/revisions"}],"predecessor-version":[{"id":1368,"href":"https:\/\/www.ramaokanagan.org\/es\/wp-json\/wp\/v2\/pages\/1068\/revisions\/1368"}],"wp:attachment":[{"href":"https:\/\/www.ramaokanagan.org\/es\/wp-json\/wp\/v2\/media?parent=1068"}],"curies":[{"name":"wp","href":"https:\/\/api.w.org\/{rel}","templated":true}]}}