{"id":155,"date":"2016-06-30T15:45:01","date_gmt":"2016-06-30T15:45:01","guid":{"rendered":"http:\/\/www.ramaokanagan.org\/?page_id=155"},"modified":"2024-12-01T17:55:42","modified_gmt":"2024-12-01T17:55:42","slug":"rama-in-the-news","status":"publish","type":"page","link":"https:\/\/www.ramaokanagan.org\/es\/about-rama\/rama-in-the-news\/","title":{"rendered":"En Las Noticias"},"content":{"rendered":"<div class=\"\"> \n\n\t\t<div class=\"mb_heading_wrapper\" id=\"mb_heading_id_qqsj07XzE9ppxeLKn6nZ\">\n\t\t\t<h2>\n\t\t\t\t<strong>En Las Noticias<\/strong>\t\t\t<\/h2>\n\n\t\t\t<div class=\"mb_separator_heading_wrapper\">\n\t\t\t\t<div class=\"mb_separator_heading\"><\/div>\n\t\t\t<\/div>\n\n\t\t\t\n\t\t<\/div>\n\n\t<\/div>\n\n\t<style>\n\n\t\t#mb_heading_id_qqsj07XzE9ppxeLKn6nZ.mb_heading_wrapper{\n\t\t\ttext-align: center;\n\t\t}\t\n\n\t\t#mb_heading_id_qqsj07XzE9ppxeLKn6nZ h2{\n\t\t\tfont-size: 20px;\n\t\t\tcolor: #000;\n\t\t\tmargin-bottom: 0px;\n\t\t}\n\n\t\t#mb_heading_id_qqsj07XzE9ppxeLKn6nZ p{\n\t\t\tfont-size: 15px;\n\t\t\tcolor: #000;\n\t\t\tmargin-bottom: 0px;\n\t\t}\n\n\t\t#mb_heading_id_qqsj07XzE9ppxeLKn6nZ .mb_separator_heading{\n\t\t\tborder-top-style: solid;\n\t\t\tborder-top-width: 2px;\n\t\t\twidth: 20%;\n\t\t\tcolor: #fb8813;\n\t\t\tmargin-bottom: 0px;\n\t\t\tdisplay: inline-block;\n\t\t}\n\n\t<\/style>\n\n\t\n\n\n<h4 class=\"wp-block-heading\"><strong>2024 <\/strong><\/h4>\n\n\n\n<p><a href=\"https:\/\/www.kelownacapnews.com\/news\/extreme-heat-plagues-okanagan-migrant-farm-workers-ubc-study-shows-7495654\">Extreme heat plagues Okanagan migrant farm workers, UBC study shows<\/a> (Kelowna Capital News, Aug 20, 2024)<\/p>\n\n\n\n<p><a href=\"https:\/\/www.cbc.ca\/listen\/live-radio\/1-110-daybreak-south\/clip\/16088757-hot-housing-a-report-shows-migrant-worker-accommodations\">Hot housing: A new report shows migrant worker accommodations are too hot for comfort <\/a>(CBC radio, Aug 19, 2024)<\/p>\n\n\n\n<p><strong>2023<\/strong><\/p>\n\n\n\n<p><a href=\"https:\/\/www.cbc.ca\/listen\/live-radio\/1-110\/clip\/16004839\" target=\"_blank\" rel=\"noreferrer noopener\">RAMA volunteer speaks to CBC during the wildfires emergency (CBC Da<\/a><a rel=\"noreferrer noopener\" href=\"https:\/\/www.cbc.ca\/listen\/live-radio\/1-110\/clip\/16004839\" target=\"_blank\">ybreak, min 30<\/a>, Aug 24, 2023)<br><br><a rel=\"noreferrer noopener\" href=\"https:\/\/www.castanet.net\/edition\/news-story-442842-1-.htm\" target=\"_blank\">More than one hundred evacuated migrant workers treated to hot meal and fellowship<\/a> (Castanet, Aug 22, 2023)<\/p>\n\n\n\n<h4 class=\"wp-block-heading\"><strong>2021<\/strong><\/h4>\n\n\n\n<p><a href=\"https:\/\/www.cbc.ca\/listen\/live-radio\/1-4-bc-today\/clip\/15853505-mary-simon-named-governor-general.-preparing-future-extreme\" target=\"_blank\" rel=\"noreferrer noopener\">Farm Workers in the Okanagan under Extreme Heat Conditions<\/a> (CBC, July 6, 2021)<\/p>\n\n\n\n<p><a rel=\"noreferrer noopener\" href=\"https:\/\/www.saobserver.net\/news\/heat-wave-okanagan-group-concerned-about-miserable-conditions-for-migrant-workers\/\" target=\"_blank\">Heat Wave: Okanagan Group Concerned About &#8220;Miserable&#8221; Conditions for Migrant Workers<\/a> (Salmon Arm Observer; <a rel=\"noreferrer noopener\" href=\"https:\/\/www.kelownacapnews.com\/news\/heat-wave-okanagan-group-concerned-about-miserable-conditions-for-migrant-workers\/\" target=\"_blank\">Kelowna Capital News<\/a>, July 5th, 2021) <\/p>\n\n\n\n<p><a rel=\"noreferrer noopener\" href=\"http:\/\/www.ramaokanagan.org\/wp-content\/uploads\/2022\/02\/Trabajadores-migrantes-estan-luchando.pdf\" target=\"_blank\">Los trabajadores migrantes est\u00e1n luchando: A los trabajadores migrantes en el Okanagan les cuesta el calor extremo<\/a> (Castanet, July 7th, 2021)<\/p>\n\n\n\n<p><a rel=\"noreferrer noopener\" href=\"https:\/\/www.cbc.ca\/listen\/live-radio\/1-110-daybreak-south\/clip\/15852484-highs-mid-40s-expected-bc-interior-today-good\" target=\"_blank\">RAMA keeping a close eye on Farm Worker Conditions<\/a> (CBC, June 29th, 2021) <br><br><a href=\"https:\/\/theconversation.com\/canadas-emergency-response-benefit-does-nothing-for-migrant-workers-136358\" target=\"_blank\" rel=\"noreferrer noopener\">Canada&#8217;s Emergency Response Benefits Does Nothing for Migrant Workers<\/a> (The Conversation, May 6th, 2021)<br><br><a rel=\"noreferrer noopener\" href=\"https:\/\/www.nationalobserver.com\/2021\/03\/03\/news\/advocates-push-get-migrant-workers-covid-19-vaccine-list\" data-type=\"URL\" data-id=\"https:\/\/www.nationalobserver.com\/2021\/03\/03\/news\/advocates-push-get-migrant-workers-covid-19-vaccine-list\" target=\"_blank\">Advocates push to get migrant workers on COVID vaccine list <\/a>(Canada&#8217;s National Observer, March 3rd) <\/p>\n\n\n\n<p><a rel=\"noreferrer noopener\" href=\"https:\/\/www.cbc.ca\/listen\/live-radio\/1-110-daybreak-south\/clip\/15823768-temporary-foreign-works-returning-okanagan-face-challenges-covid\" target=\"_blank\">RAMA speaks about migrant workers&#8217; challenges coming back to the Okanagan this year given Covid travel restrictions<\/a> (CBC Radio, Feb 9, 2021)<\/p>\n\n\n<h4><strong>2020<\/strong><\/h4>\n<p><a href=\"https:\/\/www.cbc.ca\/news\/canada\/british-columbia\/temporary-foreign-workers-fired-bylands-nursery-1.5659639\">Migrant justice advocacy group denounces B.C. nursery&#8217;s firing of temporary foreign workers<\/a> (CBC, July 22)<\/p>\n<p>RAMA member and researcher talks to radio station in Mexico &#8211; Spanish (May 2020)<\/p>\n<p>PART I:<\/p>\n<audio class=\"wp-audio-shortcode\" id=\"audio-155-1\" preload=\"none\" style=\"width: 100%;\" controls=\"controls\"><source type=\"audio\/mpeg\" src=\"http:\/\/www.ramaokanagan.org\/wp-content\/uploads\/2020\/05\/010520-ENTREVISTA-CON-AMY-COHEN-ANTROP\u00d3LOGA-SOBRE-TRABAJADORES-TEMPORALES-AGR\u00cdCOLAS-MEXICANOS-EN-CANAD\u00c1-METEPEC-CECILIA-JU\u00c1REZ.mp3?_=1\" \/><a href=\"http:\/\/www.ramaokanagan.org\/wp-content\/uploads\/2020\/05\/010520-ENTREVISTA-CON-AMY-COHEN-ANTROP\u00d3LOGA-SOBRE-TRABAJADORES-TEMPORALES-AGR\u00cdCOLAS-MEXICANOS-EN-CANAD\u00c1-METEPEC-CECILIA-JU\u00c1REZ.mp3\">http:\/\/www.ramaokanagan.org\/wp-content\/uploads\/2020\/05\/010520-ENTREVISTA-CON-AMY-COHEN-ANTROP\u00d3LOGA-SOBRE-TRABAJADORES-TEMPORALES-AGR\u00cdCOLAS-MEXICANOS-EN-CANAD\u00c1-METEPEC-CECILIA-JU\u00c1REZ.mp3<\/a><\/audio>\n<p>PART II<\/p>\n<audio class=\"wp-audio-shortcode\" id=\"audio-155-2\" preload=\"none\" style=\"width: 100%;\" controls=\"controls\"><source type=\"audio\/mpeg\" src=\"http:\/\/www.ramaokanagan.org\/wp-content\/uploads\/2020\/05\/150520-PARTE-2-ENTREVISTA-CON-AMY-COHEN-SOBRE-TRABAJO-MIGRANTE-EN-CANAD\u00c1-CECILIA-JU\u00c1REZ-METEPEC.mp3?_=2\" \/><a href=\"http:\/\/www.ramaokanagan.org\/wp-content\/uploads\/2020\/05\/150520-PARTE-2-ENTREVISTA-CON-AMY-COHEN-SOBRE-TRABAJO-MIGRANTE-EN-CANAD\u00c1-CECILIA-JU\u00c1REZ-METEPEC.mp3\">http:\/\/www.ramaokanagan.org\/wp-content\/uploads\/2020\/05\/150520-PARTE-2-ENTREVISTA-CON-AMY-COHEN-SOBRE-TRABAJO-MIGRANTE-EN-CANAD\u00c1-CECILIA-JU\u00c1REZ-METEPEC.mp3<\/a><\/audio>\n<p><a href=\"https:\/\/www.facebook.com\/watch\/live\/?v=712861922798337&amp;ref=watch_permalink\" target=\"_blank\" rel=\"noopener noreferrer\">RAMA member participates in a forum in Mexico regarding Indigenous communities&#8217; experiences during the pandemic<\/a> &#8211; Spanish (Online through Facebook, May 2020)<\/p>\n<p><a href=\"https:\/\/soundcloud.com\/user-512608364\/amy-cohen-april-15-2020\">RAMA worries about COVID-19 outbreak in West Kelowna<\/a> (NL Newsday, April 15)<\/p>\n<p><a href=\"https:\/\/globalnews.ca\/video\/6771979\/global-okanagan-news-at-5-april-2-top-stories\">RAMA advocates for more government oversight in light of the COVID-19 crisis. Workers in Bylands are already infected (minute 5). <\/a><br \/>(Global News, April 2)<\/p>\n<h4><strong>2019<\/strong><\/h4>\n<p><a href=\"https:\/\/www.kelownacapnews.com\/news\/i-benefit-from-people-who-come-and-do-the-work-that-we-cant-find-other-canadians-to-do\/\">RAMA and Migrants Rights Network supporters protest for enhanced labour rights amongst migrant workers<\/a> (Kelowna Capital News)<\/p>\n<p><a href=\"https:\/\/www.kelownacapnews.com\/community\/oc-and-ubc-okanagan-research-how-to-better-support-migrant-workers-in-b-c\/\">OC and UBC Okanagan research how to better support migrant workers in B.C. <\/a>(Kelowna Capital News)<\/p>\n<p><a href=\"https:\/\/globalnews.ca\/news\/5937397\/temporary-foreign-workers-kelowna-all-candidates-forum\/\">Temporary foreign workers a hot topic at Kelowna all-candidates forum<\/a> (Global News)<\/p>\n<h4>2018<\/h4>\n<p><span data-sheets-value=\"{&quot;1&quot;:2,&quot;2&quot;:&quot;Allegations against RAMA sparks concern&quot;}\" data-sheets-userformat=\"{&quot;2&quot;:15165,&quot;3&quot;:{&quot;1&quot;:0},&quot;5&quot;:{&quot;1&quot;:[{&quot;1&quot;:2,&quot;2&quot;:0,&quot;5&quot;:[null,2,0]},{&quot;1&quot;:0,&quot;2&quot;:0,&quot;3&quot;:3},{&quot;1&quot;:1,&quot;2&quot;:0,&quot;4&quot;:1}]},&quot;6&quot;:{&quot;1&quot;:[{&quot;1&quot;:2,&quot;2&quot;:0,&quot;5&quot;:[null,2,0]},{&quot;1&quot;:0,&quot;2&quot;:0,&quot;3&quot;:3},{&quot;1&quot;:1,&quot;2&quot;:0,&quot;4&quot;:1}]},&quot;7&quot;:{&quot;1&quot;:[{&quot;1&quot;:2,&quot;2&quot;:0,&quot;5&quot;:[null,2,0]},{&quot;1&quot;:0,&quot;2&quot;:0,&quot;3&quot;:3},{&quot;1&quot;:1,&quot;2&quot;:0,&quot;4&quot;:1}]},&quot;8&quot;:{&quot;1&quot;:[{&quot;1&quot;:2,&quot;2&quot;:0,&quot;5&quot;:[null,2,0]},{&quot;1&quot;:0,&quot;2&quot;:0,&quot;3&quot;:3},{&quot;1&quot;:1,&quot;2&quot;:0,&quot;4&quot;:1}]},&quot;11&quot;:0,&quot;12&quot;:0,&quot;14&quot;:[null,2,0],&quot;15&quot;:&quot;Calibri, sans-serif&quot;,&quot;16&quot;:11}\"><a href=\"http:\/\/www.ramaokanagan.org\/wp-content\/uploads\/2022\/02\/Okanagan-orchardists-asked-to-watch-for-radical-labour-activists.pdf\">Agricultores del Okanagan son avisados sobre 'activistas laborales radicales'<\/a> (Kelowna Capital News)<\/span><\/p>\n<p><a href=\"https:\/\/www.kelownacapnews.com\/news\/okanagan-fruit-farmers-still-on-alert\/\">Okanagan fruit farmers still on alert<\/a> (Kelowna Capital News)<\/p>\n<p><a href=\"http:\/\/www.ramaokanagan.org\/wp-content\/uploads\/2022\/02\/Okanagan-orchardists-asked-to-watch-for-radical-labour-activists.pdf\">Agricultores del Okanagan son avisados sobre 'activistas laborales radicales' <\/a>(Kelowna Capital News)<\/p>\n<p><a href=\"https:\/\/hellokelowna.com\/event_listings\/radical-action-migrants-agriculture-rama-kick-off-bbq\/\">Welcome Migrant Workers in Agriculture at the RAMA BBQ<\/a> (Hello Kelowna)<\/p>\n<p><a href=\"http:\/\/www.ramaokanagan.org\/wp-content\/uploads\/2022\/02\/BCFGA-difunden-misinformacion.pdf\">Asociaci\u00f3n de Productores Frutales de BC (BCFGA) difunde informaci\u00f3n err\u00f3nea, dice un grupo \"radical\"<\/a> (The Daily Courier)<\/p>\n<p><a href=\"https:\/\/www.kelownanow.com\/watercooler\/news\/news\/Central_Okanagan\/Migrant_workers_organization_responds_to_radical_activists_label\/\">BC Fruit Growers Association reiterates radical activists warning<\/a> (Kelowna Now)<\/p>\n<p><a href=\"http:\/\/www.ramaokanagan.org\/wp-content\/uploads\/2022\/02\/Llamado-para-estatus-permanente-a-la-llegada.pdf\">Trabajadores agr\u00edcolas migrantes excluidos de consultas secretas del gobierno: piden una posici\u00f3n permanente al momento de llegar<\/a> (Migrant Rights Network)<\/p>\n<p><a href=\"_wp_link_placeholder\" data-wplink-edit=\"true\">Migrant farm workers vulnerable to sexual violence<\/a> (The Conversation)<\/p>\n<h4>2017<\/h4>\n<p><a href=\"http:\/\/www.ramaokanagan.org\/wp-content\/uploads\/2022\/02\/Gobierno-ivestiga-problema-de-vivienda.pdf\">El gobierno municipal de Kelowna investiga el problema de la vivienda para los trabajadores agr\u00edcolas. Los cambios propuestos limitar\u00edan la cantidad de trabajadores extranjeros permitidos para cada granja<\/a> (Kelowna Capital News)<\/p>\n<p><a href=\"http:\/\/bcorganicgrower.ca\/2017\/04\/temporary-migrant-farm-workers-in-bc\/\">Temporary Migrant Farm Workers in BC<\/a> (Organic Grower Journal for the Certified Organic Associations of BC)<\/p>\n<p><a href=\"https:\/\/www.kelownanow.com\/watercooler\/news\/news\/Kelowna\/15\/07\/27\/Kelowna_Media_and_RCMP_Actions_Called_Overtly_Racist_by_Coalition_Group\/#fs_72385\">Kelowna Media and RCMP Actions Called &#8216;Overtly Racist&#8217; by Coalition Group<\/a> (Kelowna Now)<\/p>\n<p><a href=\"https:\/\/www.google.com\/url?sa=t&amp;rct=j&amp;q=&amp;esrc=s&amp;source=web&amp;cd=29&amp;cad=rja&amp;uact=8&amp;ved=2ahUKEwj5oved45jhAhVBmK0KHT5FDdk4FBAWMAh6BAgHEAI&amp;url=https%3A%2F%2Fore.exeter.ac.uk%2Frepository%2Fbitstream%2Fhandle%2F10871%2F27417%2FMillenn.pdf%3Fsequence%3D1&amp;usg=AOvVaw1Y_AYsepVTFk3zVVLM2TqP\">The \u201cmissing\u201d politics of whiteness and rightful presence in the settler colonial city<\/a> (Millennium Journal)<\/p>\n<h4>2016<\/h4>\n<p><a href=\"https:\/\/www.kelownanow.com\/watercooler\/news\/news\/Kelowna\/16\/06\/29\/Okanagan_organization_questions_changes_in_Mexico_Canada_affairs\/\">Organization questions changes in Mexico-Canada affairs<\/a><\/p>\n<p><a href=\"https:\/\/www.kelownanow.com\/watercooler\/news\/news\/Kelowna\/16\/06\/23\/The_Okanagan_s_most_dependable_workers_arrive_for_another_season\/\">The Okanagan&#8217;s most dependable workers arrive for another season<\/a><\/p>\n<p><a href=\"http:\/\/rabble.ca\/news\/2016\/06\/serious-overhaul-tfwp-needed-to-address-multiple-human-rights-issues?utm_source=feedburner&amp;utm_medium=feed&amp;utm_campaign=Feed%3A+rabble-news+%28rabble.ca+-+News+for+the+rest+of+us%29\">Serious overhaul needed to address multiple human rights issues<\/a><\/p>\n<p><a href=\"http:\/\/www.pentictonwesternnews.com\/news\/381050711.html\">Migrant workers facing barriers in South Okanagan<\/a><\/p>\n<p><a href=\"http:\/\/www.am1150.ca\/News\/Kelowna\/2016\/05\/26\/okanagan-migrant-justice-group-wants-equality-for-migrant-workers\">Okanagan migrant justice group wants equality for migrant workers<\/a><\/p>\n<h4>2015<\/h4>\n<p><a href=\"http:\/\/rankandfile.ca\/2015\/09\/30\/harvesting-a-movement-bcs-migrant-farm-workers\/\">Harvesting a movement: BC&#8217;s migrant farm workers<\/a><\/p>\n<p><a href=\"http:\/\/rabble.ca\/blogs\/bloggers\/views-expressed\/2015\/08\/open-letter-response-to-missing-mexican-migrant-workers-artic\">Open letter in response to missing Mexican migrant workers article<\/a><\/p>\n<p><a href=\"http:\/\/www.ramaokanagan.org\/wp-content\/uploads\/2022\/02\/Acciones-de-RCMP-y-Kelowna-Media-racistas.pdf\">Las acciones de Kelowna Media y RCMP son calificadas de \"abiertamente racistas\" por grupo de coalici\u00f3n<\/a><\/p>\n<p><a href=\"http:\/\/globalnews.ca\/news\/2141113\/missing-worker-mystery-stirs-up-controversy\/\">Missing worker mystery\u00a0stirs up controversy<\/a><\/p>\n<p><a href=\"https:\/\/www.cbc.ca\/news\/canada\/british-columbia\/missing-agricultural-workers-in-vernon-treated-like-criminals-group-claims-1.3172084\">Missing agricultural workers in Vernon treated like criminals, group claims<\/a> (CBC News)<\/p>\n<p><a href=\"http:\/\/www.cbc.ca\/news\/canada\/british-columbia\/missing-agricultural-workers-in-vernon-treated-like-criminals-group-claims-1.3172084\">Migrant agricultural workers in Vernon treated like criminals, group claims<\/a><\/p>\n<p><a href=\"http:\/\/www.cbc.ca\/news\/canada\/british-columbia\/temporary-foreign-workers-forced-out-of-workforce-by-4-in-and-4-out-rule-advocate-1.2988333\">Temporary foreign workers forced out of workforce by &#8216;4 in and 4 out&#8217; rule: advocate<\/a><\/p>\n<h4>2014<\/h4>\n<p><a href=\"http:\/\/rabble.ca\/news\/2014\/12\/international-migrants-day-canadas-exclusionary-immigration-practices-have-got-to-go\">International migrants day: Canada&#8217;s exclusionary immigration practices have got to go!<\/a><\/p>\n<p><a href=\"http:\/\/rabble.ca\/news\/2014\/05\/bc-apology-to-chinese-community-highlights-ongoing-racism-towards-migrant-workers\">BC apology to Chinese community highlights ongoing racism towards migrant workers<br \/><\/a><\/p>\n<p><a href=\"http:\/\/rabble.ca\/news\/2014\/06\/fresh-fruit-forgotten-labour-what-about-migrant-farmworkers\">Fresh fruit, forgotten labour: What about migrant farmworkers?<\/a><\/p>\n<p><a href=\"http:\/\/rabble.ca\/blogs\/bloggers\/christina-turner\/2014\/05\/fruits-labour-migrant-farmworkers-okanagan-valley\">Fruits of labour: Migrant farmworkers in the Okanagan Valley<\/a><\/p>\n<p><a href=\"http:\/\/www.summerlandreview.com\/news\/273877601.html?mobile=true\">Mexican consulate examining treatment of seasonal workers<\/a><\/p>\n<h4>2013<\/h4>\n<p><a href=\"http:\/\/www.vernonmorningstar.com\/lifestyles\/214440711.html\">Working through the language<\/a><\/p>\n<p><a href=\"https:\/\/www.kelownanow.com\/columns\/know_kelowna\/news\/Welcome_To_Kelowna\/13\/05\/21\/Canadian_Farms_Importing_Their_Workers\/\">Canadian farms importing their workers<\/a><\/p>\n<p><a href=\"https:\/\/www.kelownanow.com\/news\/news\/Local_News\/13\/04\/26\/New_Non_Profit_to_Advocate_for_Migrant_Workers\">New non-profit to advocate for migrant workers<\/a><\/p>\n\n\n<div style=\"height:20px\" aria-hidden=\"true\" class=\"wp-block-spacer\"><\/div>\n\n\n\n<p><\/p>","protected":false},"excerpt":{"rendered":"<p>2024 Extreme heat plagues Okanagan migrant farm workers, UBC study shows (Kelowna Capital News, Aug 20, 2024) Hot housing: A new report shows migrant worker accommodations are too hot for comfort (CBC radio, Aug 19, 2024) 2023 RAMA volunteer speaks to CBC during the wildfires emergency (CBC Daybreak, min 30, Aug 24, 2023)More than one hundred evacuated migrant workers treated [&hellip;]<\/p>","protected":false},"author":1,"featured_media":0,"parent":135,"menu_order":0,"comment_status":"closed","ping_status":"closed","template":"page-templates\/full-width-container.php","meta":{"_uag_custom_page_level_css":"","jetpack_post_was_ever_published":false,"footnotes":""},"class_list":["post-155","page","type-page","status-publish","hentry"],"uagb_featured_image_src":{"full":false,"thumbnail":false,"medium":false,"medium_large":false,"large":false,"elegant_blocks_team_1":false,"elegant_blocks_blog_1":false,"elegant_blocks_slider_1":false,"1536x1536":false,"2048x2048":false,"trp-custom-language-flag":false,"bizberg_medium":false,"bizberg_gallery":false,"bizberg_blog_list":false,"bizberg_detail_image":false,"bizberg_detail_image_no_sidebar":false,"bizberg_portfolio_homepage":false,"bizberg_blog_list_no_sidebar_1":false},"uagb_author_info":{"display_name":"RAMA Okanagan","author_link":"https:\/\/www.ramaokanagan.org\/es\/author\/kelisehahngmail-com\/"},"uagb_comment_info":0,"uagb_excerpt":"2024 Extreme heat plagues Okanagan migrant farm workers, UBC study shows (Kelowna Capital News, Aug 20, 2024) Hot housing: A new report shows migrant worker accommodations are too hot for comfort (CBC radio, Aug 19, 2024) 2023 RAMA volunteer speaks to CBC during the wildfires emergency (CBC Daybreak, min 30, Aug 24, 2023)More than one&hellip;","jetpack_sharing_enabled":true,"jetpack_shortlink":"https:\/\/wp.me\/P60BJJ-2v","_links":{"self":[{"href":"https:\/\/www.ramaokanagan.org\/es\/wp-json\/wp\/v2\/pages\/155","targetHints":{"allow":["GET"]}}],"collection":[{"href":"https:\/\/www.ramaokanagan.org\/es\/wp-json\/wp\/v2\/pages"}],"about":[{"href":"https:\/\/www.ramaokanagan.org\/es\/wp-json\/wp\/v2\/types\/page"}],"author":[{"embeddable":true,"href":"https:\/\/www.ramaokanagan.org\/es\/wp-json\/wp\/v2\/users\/1"}],"replies":[{"embeddable":true,"href":"https:\/\/www.ramaokanagan.org\/es\/wp-json\/wp\/v2\/comments?post=155"}],"version-history":[{"count":55,"href":"https:\/\/www.ramaokanagan.org\/es\/wp-json\/wp\/v2\/pages\/155\/revisions"}],"predecessor-version":[{"id":1463,"href":"https:\/\/www.ramaokanagan.org\/es\/wp-json\/wp\/v2\/pages\/155\/revisions\/1463"}],"up":[{"embeddable":true,"href":"https:\/\/www.ramaokanagan.org\/es\/wp-json\/wp\/v2\/pages\/135"}],"wp:attachment":[{"href":"https:\/\/www.ramaokanagan.org\/es\/wp-json\/wp\/v2\/media?parent=155"}],"curies":[{"name":"wp","href":"https:\/\/api.w.org\/{rel}","templated":true}]}}