{"id":17,"date":"2015-03-29T19:41:44","date_gmt":"2015-03-29T19:41:44","guid":{"rendered":"http:\/\/www.ramaokanagan.org\/?page_id=17"},"modified":"2024-12-01T17:55:20","modified_gmt":"2024-12-01T17:55:20","slug":"learn-more","status":"publish","type":"page","link":"https:\/\/www.ramaokanagan.org\/es\/learn-more\/","title":{"rendered":"Aprenda M\u00e1s"},"content":{"rendered":"<p class=\" translation-block\">Contin\u00fae aprendiendo acerca de trabajadores migrantes en el Okanagan y en Canad\u00e1 con los siguientes recursos. Si sabe de otros recursos que no est\u00e9n listados, por favor cont\u00e1ctenos para incluirlos en la lista! <a href=\"mailto:ramaokanagan@gmail.com\" target=\"_self\">ramaokanagan@gmail.com<\/a><\/p>\n\n\n\n\t<div class=\"\"> \n\n\t\t<div class=\"mb_heading_wrapper\" id=\"mb_heading_id_rM8oPs3HpvvF16be0qT8\">\n\t\t\t<h2>\n\t\t\t\t<strong>Recursos Visuales<\/strong>\t\t\t<\/h2>\n\n\t\t\t<div class=\"mb_separator_heading_wrapper\">\n\t\t\t\t<div class=\"mb_separator_heading\"><\/div>\n\t\t\t<\/div>\n\n\t\t\t\n\t\t<\/div>\n\n\t<\/div>\n\n\t<style>\n\n\t\t#mb_heading_id_rM8oPs3HpvvF16be0qT8.mb_heading_wrapper{\n\t\t\ttext-align: center;\n\t\t}\t\n\n\t\t#mb_heading_id_rM8oPs3HpvvF16be0qT8 h2{\n\t\t\tfont-size: 20px;\n\t\t\tcolor: #000;\n\t\t\tmargin-bottom: 0px;\n\t\t}\n\n\t\t#mb_heading_id_rM8oPs3HpvvF16be0qT8 p{\n\t\t\tfont-size: 15px;\n\t\t\tcolor: #000;\n\t\t\tmargin-bottom: 0px;\n\t\t}\n\n\t\t#mb_heading_id_rM8oPs3HpvvF16be0qT8 .mb_separator_heading{\n\t\t\tborder-top-style: solid;\n\t\t\tborder-top-width: 2px;\n\t\t\twidth: 20%;\n\t\t\tcolor: #fb8813;\n\t\t\tmargin-bottom: 0px;\n\t\t\tdisplay: inline-block;\n\t\t}\n\n\t<\/style>\n\n\t\n\n\n<div style=\"height:20px\" aria-hidden=\"true\" class=\"wp-block-spacer\"><\/div>\n\n\n\n<p><a rel=\"noreferrer noopener\" href=\"https:\/\/www.youtube.com\/watch?v=eXEUmfNexq0\" target=\"_blank\">A study of Coroner&#8217;s Files of Migrant Agricultural Workers&#8217; Deaths in Ontario<\/a><br>Study findings (2022) <\/p>\n\n\n\n<p><a rel=\"noreferrer noopener\" href=\"http:\/\/www.theglobeandmail.com\/news\/british-columbia\/behind-the-scenes-photos-of-okanagan-vineyards-mexican-migrant-workers\/article639686\/\" target=\"_blank\">Behind-the-scenes photos of Okanagan vineyards&#8217; Mexican migrant workers<\/a><br>The Globe and Mail<\/p>\n\n\n\n<p><a href=\"http:\/\/www.nfb.ca\/film\/el_contrato\/\" target=\"_blank\" rel=\"noreferrer noopener\" aria-label=\" (opens in a new tab)\">El Contrato<\/a><br>A 45-minute documentary by Min Sook Lee following several Mexican men in their work on a Southern Ontario farm<\/p>\n\n\n\n\t<div class=\"\"> \n\n\t\t<div class=\"mb_heading_wrapper\" id=\"mb_heading_id_9PD8fbJYgbIZtalPfvNF\">\n\t\t\t<h2>\n\t\t\t\tRecursos en la Comunidad\t\t\t<\/h2>\n\n\t\t\t<div class=\"mb_separator_heading_wrapper\">\n\t\t\t\t<div class=\"mb_separator_heading\"><\/div>\n\t\t\t<\/div>\n\n\t\t\t\n\t\t<\/div>\n\n\t<\/div>\n\n\t<style>\n\n\t\t#mb_heading_id_9PD8fbJYgbIZtalPfvNF.mb_heading_wrapper{\n\t\t\ttext-align: center;\n\t\t}\t\n\n\t\t#mb_heading_id_9PD8fbJYgbIZtalPfvNF h2{\n\t\t\tfont-size: 20px;\n\t\t\tcolor: #000;\n\t\t\tmargin-bottom: 0px;\n\t\t}\n\n\t\t#mb_heading_id_9PD8fbJYgbIZtalPfvNF p{\n\t\t\tfont-size: 15px;\n\t\t\tcolor: #000;\n\t\t\tmargin-bottom: 0px;\n\t\t}\n\n\t\t#mb_heading_id_9PD8fbJYgbIZtalPfvNF .mb_separator_heading{\n\t\t\tborder-top-style: solid;\n\t\t\tborder-top-width: 2px;\n\t\t\twidth: 20%;\n\t\t\tcolor: #fb8813;\n\t\t\tmargin-bottom: 0px;\n\t\t\tdisplay: inline-block;\n\t\t}\n\n\t<\/style>\n\n\t\n\n\n<div style=\"height:20px\" aria-hidden=\"true\" class=\"wp-block-spacer\"><\/div>\n\n\n<p><a href=\"http:\/\/gordongrisenthwaite.com\/isco\/\" target=\"_blank\" rel=\"noopener noreferrer\" data-cke-saved-href=\"http:\/\/gordongrisenthwaite.com\/isco\/\">Intercultural Society of the Central Okanagan<\/a><\/p>\n<p id=\"yui_3_17_2_5_1428425699006_4163\"><a id=\"yui_3_17_2_5_1428425699006_4162\" href=\"http:\/\/kcr.ca\/\" data-cke-saved-href=\"http:\/\/kcr.ca\/\">Kelowna Community Resources and Immigrant Services<\/a><\/p>\n<p id=\"yui_3_17_2_5_1428425699006_4160\"><a href=\"http:\/\/www.okanaganfood.com\/\" target=\"_blank\" rel=\"noopener noreferrer\" data-cke-saved-href=\"http:\/\/www.okanaganfood.com\">Central Okanagan Food Policy Council<\/a><\/p>\n<p id=\"yui_3_17_2_5_1428425699006_4159\"><a href=\"http:\/\/www.thesame.ca\/\" target=\"_blank\" rel=\"noopener noreferrer\" data-cke-saved-href=\"http:\/\/www.thesame.ca\">The S.A.M.E.<\/a> (Students Against Migrant Exploitation)<\/p>\n<p id=\"yui_3_17_2_5_1428425699006_4164\"><a href=\"http:\/\/noii-van.resist.ca\/\" target=\"_blank\" rel=\"noopener noreferrer\" data-cke-saved-href=\"http:\/\/noii-van.resist.ca\/\">No One Is Illegal<\/a><\/p>\n<p><a href=\"http:\/\/justicia4migrantworkers.org\/\" target=\"_blank\" rel=\"noopener noreferrer\" data-cke-saved-href=\"http:\/\/justicia4migrantworkers.org\">Justicia for Migrant Workers<\/a><\/p>\n<p id=\"yui_3_17_2_5_1428425699006_4166\"><a href=\"http:\/\/migrationisbeautiful.com\/\" data-cke-saved-href=\"http:\/\/migrationisbeautiful.com\/\">Migration is Beautiful Artist Collective<\/a><\/p>\n\n\n\t<div class=\"\"> \n\n\t\t<div class=\"mb_heading_wrapper\" id=\"mb_heading_id_HhFD17P2bnDw3Hjzh6LH\">\n\t\t\t<h2>\n\t\t\t\t<strong>Art\u00edculos Acad\u00e9micos<\/strong>\t\t\t<\/h2>\n\n\t\t\t<div class=\"mb_separator_heading_wrapper\">\n\t\t\t\t<div class=\"mb_separator_heading\"><\/div>\n\t\t\t<\/div>\n\n\t\t\t\n\t\t<\/div>\n\n\t<\/div>\n\n\t<style>\n\n\t\t#mb_heading_id_HhFD17P2bnDw3Hjzh6LH.mb_heading_wrapper{\n\t\t\ttext-align: center;\n\t\t}\t\n\n\t\t#mb_heading_id_HhFD17P2bnDw3Hjzh6LH h2{\n\t\t\tfont-size: 20px;\n\t\t\tcolor: #000;\n\t\t\tmargin-bottom: 0px;\n\t\t}\n\n\t\t#mb_heading_id_HhFD17P2bnDw3Hjzh6LH p{\n\t\t\tfont-size: 15px;\n\t\t\tcolor: #000;\n\t\t\tmargin-bottom: 0px;\n\t\t}\n\n\t\t#mb_heading_id_HhFD17P2bnDw3Hjzh6LH .mb_separator_heading{\n\t\t\tborder-top-style: solid;\n\t\t\tborder-top-width: 2px;\n\t\t\twidth: 20%;\n\t\t\tcolor: #fb8813;\n\t\t\tmargin-bottom: 0px;\n\t\t\tdisplay: inline-block;\n\t\t}\n\n\t<\/style>\n\n\t\n\n\n<div style=\"height:20px\" aria-hidden=\"true\" class=\"wp-block-spacer\"><\/div>\n\n\n\n<p><a href=\"https:\/\/www.canva.com\/design\/DAGO4M11vZw\/BXUpP4J99QAbZEw6POvG9A\/view?utm_content=DAGO4M11vZw&amp;utm_campaign=designshare&amp;utm_medium=link&amp;utm_source=viewer\">Los trabajadores agricolas migrantes en Columbia Britanica enfrentan crisis acumuladas: vivienda y clima. 2024<\/a> <br>By Mohammed Rafi Arefin, Fernanda Novoa, Laura Prada, Geraldine Pratt, and Isabel Siu-Zmuidzinas<\/p>\n\n\n\n<p><a href=\"https:\/\/www.foodsystemsjournal.org\/index.php\/fsj\/article\/view\/1087\" target=\"_blank\" rel=\"noreferrer noopener\">More of the same? Migrant agricultural workers&#8217; health, safety, and legal rights in the COVID-19 context<\/a><br>By Dr. C Susana Caxaj, Amy Cohen, Carlos Colindres<\/p>\n\n\n\n<p><a rel=\"noreferrer noopener\" href=\"http:\/\/www.migrantworker.ca\/wp-content\/uploads\/2022\/01\/Jan.29_Coroner-Study-Key-Findings-and-Recs_Final.pdf\" target=\"_blank\">Key Findings and Recommendations from a Study of Coroner&#8217;s Files of Migrant Agricultural Workers&#8217; Deaths in Ontario from January 2020 to June 2021 <\/a><br>By Dr. C Susana Caxaj with the support of the Migrant Worker Health Expert Working Group (MWH-EWG)<\/p>\n\n\n\n<p>Caxaj, S., &amp; Cohen, A. (2019) \u201cI Will Not Leave My Body Here\u201d: <a href=\"https:\/\/www.mdpi.com\/1660-4601\/16\/15\/2643\/htm\">Migrant Farmworkers\u2019 Health and Safety Amidst a Climate of Coercion. <\/a>I<em>nt. J. Environ. Res. Public Health<\/em>,&nbsp;<em>16<\/em>(15), 2643<\/p>\n\n\n\n<p>Cohen, A. (2019). <a href=\"https:\/\/acme-journal.org\/index.php\/acme\/article\/view\/1430\">\u201cSlavery hasn\u2019t ended, it has just become modernized\u201d: Border Imperialism and the Lived Realities of Migrant Farmworkers in British Columbia, Canada<\/a>.&nbsp;<em>ACME An International Journal for Critical Geographies,&nbsp;<\/em>vol 18, no. 1<\/p>\n\n\n\n<p>Caxaj, S., &amp; Diaz, L. (2018). <a href=\"https:\/\/www.emerald.com\/insight\/content\/doi\/10.1108\/IJMHSC-05-2017-0018\/full\/html\">Migrant workers\u2019(non) belonging in rural British Columbia, Canada: storied experiences of Marginal Living.<\/a>&nbsp;<em>International Journal of Migration, Health and Social Care<\/em>,&nbsp;<em>14<\/em>(2), 208-220.<\/p>\n\n\n\n<p>Cohen, A., &amp; Caxaj, S. (2018). <a href=\"file:\/\/\/C:\/Users\/lpsilva\/AppData\/Local\/Packages\/Microsoft.MicrosoftEdge_8wekyb3d8bbwe\/TempState\/Downloads\/22448-Article%20Text-54301-1-10-20180215.pdf\">Bodies and Borders: Migrant Women Farmworkers and the Struggle for Sexual and Reproductive Justice in British Columbia, Canada<\/a>.&nbsp;<em>Alternate Routes<\/em>,&nbsp;<em>29<\/em>.<\/p>\n\n\n\n<p>Tedesco, D. (2015). <a href=\"http:\/\/onlinelibrary.wiley.com.ezproxy.library.ubc.ca\/doi\/10.1111\/ips.12084\/abstract\">Begin again, return again: The transition narratives and political continuities of urban globalization.<\/a>&nbsp;<em>International Political Sociology, <\/em>vol. 9, no. 1,&nbsp;106-109.<\/p>\n\n\n\n<p>Hjalmarson, E., Bunn, R., Cohen, A., Terbasket, E., &amp; Gahman, L. (2015). <a href=\"http:\/\/www.agdevjournal.com\/component\/content\/article\/550-race-food-and-borders.html\">Race, food, and borders: Situating migrant struggle in the Okanagan Valley, British Columbia.<\/a>&nbsp;<em>Journal of Agriculture, Food Systems, and Community Development, <\/em>vol. 4, no. 4,&nbsp;77-82.<\/p>\n\n\n\n<p><a href=\"hhttps:\/\/www.ids.ac.uk\/download.php?file=files\/dmfile\/AModelforManagedMigration.pdf\" target=\"_blank\" rel=\"noreferrer noopener\">A Model for Managed Migration? Re-examining Best Practices in Canada&#8217;s Seasonal Agricultural Worker Program<\/a><br>By Dr. Jenna L. Hennebry and Dr. Kerry Preibisch of Wilfred Laurier and the University of Guelph<\/p>\n\n\n\n<p><a href=\"http:\/\/metcalffoundation.com\/publications-resources\/view\/made-in-canada\/\" target=\"_blank\" rel=\"noreferrer noopener\">Made in Canada: How the Law Constructs Migrant Workers&#8217; Insecurity<\/a><br>A report by Fay Faraday for the Metcalf Foundation<\/p>\n\n\n\n<p><a href=\"http:\/\/www.thestar.com\/opinion\/editorialopinion\/2010\/10\/08\/no_thanksgiving_for_migrant_workers.html\" target=\"_blank\" rel=\"noreferrer noopener\">No Thanksgiving for Migrant Workers<\/a><br>The Toronto Star<\/p>\n\n\n\n<p><a href=\"https:\/\/www.google.ca\/url?sa=t&amp;rct=j&amp;q=&amp;esrc=s&amp;source=web&amp;cd=1&amp;ved=0CDMQFjAA&amp;url=http%3A%2F%2Fwww.metropolis.net%2Fpdfs%2FPgs_CITC_mar10_e.pdf&amp;ei=9nBwUf2YEZDZigLYvoCIBw&amp;usg=AFQjCNFVNFHmGJdGJ4Tv2boy34R4O_HWSg&amp;sig2=49jhh91CiemQ5UXAab1b1A&amp;bvm=bv.45373924,d.cGE\" target=\"_blank\" rel=\"noreferrer noopener\">Housing Regulations and Living Conditions of Mexican Migrant Workers in the Okanagan Valley, B.C.<\/a><br>By Dr. Patricia Tomic, Dr. Ricardo Trumper and Dr. Luis L. M. Aguiar of UBC Okanagan<\/p>\n\n\n\n<p><a href=\"http:\/\/www.irpp.org\/pubs\/IRPPstudy\/IRPP_Study_no26.pdf\">Permanently Temporary?: Agricultural Migrant Workers and Their Integration in Canada<\/a><br>By Dr. Jenna Hennebry of Wilfred Laurier University<\/p>\n\n\n\n<p><a href=\"https:\/\/www.google.ca\/url?sa=t&amp;rct=j&amp;q=&amp;esrc=s&amp;source=web&amp;cd=1&amp;ved=0CDMQFjAA&amp;url=http%3A%2F%2Fwww.ufcw.ca%2Ftemplates%2Fufcwcanada%2Fimages%2FReport-on-The-Status-of-Migrant-Workers-in-Canada-2011.pdf&amp;ei=93xwUfnaMeahiALTsYD4AQ&amp;usg=AFQjCNHIeOER6J_COH7oo22zJo0dxZtQOQ&amp;sig2=AcKyAthVGlENSscbyzxh2Q&amp;bvm=bv.45373924,d.cGE&amp;cad=rja\" target=\"_blank\" rel=\"noreferrer noopener\">Report on the Status of Migrant Workers in Canada 2011<\/a><br>By the Union of Food and Commercial Workers Canada (UFCW)<\/p>\n\n\n\n<p><a href=\"http:\/\/www.focal.ca\/en\/publications\/focalpoint\/467-june-2011-ofelia-becerril-quintana-en\" target=\"_blank\" rel=\"noreferrer noopener\">A New Era of Seasonal Mexican Migration to Canada<\/a><br>By Ofelia Becerril Quintana for the Canada Foundation of the Americas (FOCAL)<\/p>","protected":false},"excerpt":{"rendered":"<p>We encourage you to continue to learn about migrant workers in the Okanagan and Canada. Please navigate the below resources and be sure to contact us at ramaokanagan@gmail.com if you have more to add to the list! A study of Coroner&#8217;s Files of Migrant Agricultural Workers&#8217; Deaths in OntarioStudy findings (2022) Behind-the-scenes photos of Okanagan vineyards&#8217; Mexican migrant workersThe Globe [&hellip;]<\/p>","protected":false},"author":1,"featured_media":0,"parent":0,"menu_order":0,"comment_status":"closed","ping_status":"closed","template":"page-templates\/full-width-container.php","meta":{"_uag_custom_page_level_css":"","jetpack_post_was_ever_published":false,"footnotes":""},"class_list":["post-17","page","type-page","status-publish","hentry"],"uagb_featured_image_src":{"full":false,"thumbnail":false,"medium":false,"medium_large":false,"large":false,"elegant_blocks_team_1":false,"elegant_blocks_blog_1":false,"elegant_blocks_slider_1":false,"1536x1536":false,"2048x2048":false,"trp-custom-language-flag":false,"bizberg_medium":false,"bizberg_gallery":false,"bizberg_blog_list":false,"bizberg_detail_image":false,"bizberg_detail_image_no_sidebar":false,"bizberg_portfolio_homepage":false,"bizberg_blog_list_no_sidebar_1":false},"uagb_author_info":{"display_name":"RAMA Okanagan","author_link":"https:\/\/www.ramaokanagan.org\/es\/author\/kelisehahngmail-com\/"},"uagb_comment_info":0,"uagb_excerpt":"We encourage you to continue to learn about migrant workers in the Okanagan and Canada. Please navigate the below resources and be sure to contact us at ramaokanagan@gmail.com if you have more to add to the list! A study of Coroner&#8217;s Files of Migrant Agricultural Workers&#8217; Deaths in OntarioStudy findings (2022) Behind-the-scenes photos of Okanagan&hellip;","jetpack_sharing_enabled":true,"jetpack_shortlink":"https:\/\/wp.me\/P60BJJ-h","_links":{"self":[{"href":"https:\/\/www.ramaokanagan.org\/es\/wp-json\/wp\/v2\/pages\/17","targetHints":{"allow":["GET"]}}],"collection":[{"href":"https:\/\/www.ramaokanagan.org\/es\/wp-json\/wp\/v2\/pages"}],"about":[{"href":"https:\/\/www.ramaokanagan.org\/es\/wp-json\/wp\/v2\/types\/page"}],"author":[{"embeddable":true,"href":"https:\/\/www.ramaokanagan.org\/es\/wp-json\/wp\/v2\/users\/1"}],"replies":[{"embeddable":true,"href":"https:\/\/www.ramaokanagan.org\/es\/wp-json\/wp\/v2\/comments?post=17"}],"version-history":[{"count":19,"href":"https:\/\/www.ramaokanagan.org\/es\/wp-json\/wp\/v2\/pages\/17\/revisions"}],"predecessor-version":[{"id":1462,"href":"https:\/\/www.ramaokanagan.org\/es\/wp-json\/wp\/v2\/pages\/17\/revisions\/1462"}],"wp:attachment":[{"href":"https:\/\/www.ramaokanagan.org\/es\/wp-json\/wp\/v2\/media?parent=17"}],"curies":[{"name":"wp","href":"https:\/\/api.w.org\/{rel}","templated":true}]}}