{"id":19,"date":"2015-04-15T22:43:53","date_gmt":"2015-04-15T22:43:53","guid":{"rendered":"http:\/\/www.ramaokanagan.org\/?page_id=19"},"modified":"2025-10-18T21:13:46","modified_gmt":"2025-10-18T21:13:46","slug":"for-migrants","status":"publish","type":"page","link":"https:\/\/www.ramaokanagan.org\/es\/resources\/for-migrants\/","title":{"rendered":"Para Trabajadores"},"content":{"rendered":"<p>En esta p\u00e1gina, encontrar\u00e1 varios recursos con informaci\u00f3n para trabajadores temporales en Canad\u00e1. Contin\u00fae navegando la p\u00e1gina para ver videos cortos con respuestas a preguntas frecuentes sobre alojamiento, pago, discriminaci\u00f3n, impuestos, etc.<\/p>\n\n\n<div class=\"wp-block-uagb-advanced-heading uagb-block-64956e22\"><h2 class=\"uagb-heading-text\">Informaci\u00f3n sobre impuestos en Canad\u00e1 (Taxes)<\/h2><\/div>\n\n\n\n<p><strong>\u00bfC\u00f3mo funcionan los impuestos en Canad\u00e1?<\/strong><\/p>\n\n\n\n<p>The<a href=\"https:\/\/www.canada.ca\/en\/revenue-agency.html\"> CRA<\/a> El CRA es la instituci\u00f3n del estado que se encarga de administrar los impuestos en Canad\u00e1.<br>Hay muchas clases de impuestos en Canad\u00e1:<br>- Impuesto de venta (sales tax)<br>- Impuesto de propiedad (property tax)<br>- Impuesto de pensi\u00f3n (CPP)<br>- Seguro de empleo (EI)<br>- Impuesto sobre la renta (Income Tax)<\/p>\n\n\n\n<p>El impuesto de venta cambia en cada provincia y lo cobra el gobierno sobre cualquier cosa que compres mientras est\u00e1s en Canad\u00e1<\/p>\n\n\n\n<p><a href=\"https:\/\/www.canada.ca\/en\/services\/benefits\/publicpensions\/cpp.html\">El impuesto de pensi\u00f3n (CPP)<\/a> se cobra basado en cu\u00e1nto se gana en cada cheque. Si ganas menos de $3,500 en el a\u00f1o, no tienes que pagar el impuesto y las deducciones que se hicieron te las devuelven cuando hagas la declaraci\u00f3n de impuestos. Si ganaste entre $3500 y $71,300 en el a\u00f1o vas a pagar 5.95% sobre lo que ganaste.<\/p>\n\n\n\n<p><a href=\"https:\/\/www.canada.ca\/en\/employment-social-development\/programs\/ei.html\">El seguro de empleo (EI)<\/a> se deduce en cada cheque, y es el 1.64% del salario.<\/p>\n\n\n\n<p>El impuesto sobre la renta depende de varios factores como: ingresos, pa\u00eds de origen, si eres parte del PTAT o otro programa, entre otros.<\/p>\n\n\n\n<p><strong>Ejemplo de impuestos en Columbia Brit\u00e1nica:<\/strong><\/p>\n\n\n\n<figure class=\"wp-block-table\"><table class=\"has-fixed-layout\"><tbody><tr><td><strong>Ingresos<\/strong><\/td><td><strong>Federal Tax<\/strong><\/td><td><strong>Impuesto de la provincia de BC<\/strong><\/td><td><strong>Impuesto total<\/strong><\/td><\/tr><tr><td>Menos de $49.279<\/td><td>15%<\/td><td>5.06%<\/td><td>20.06%<\/td><\/tr><tr><td>Entre $49.279 &amp; $57.375<\/td><td>15%<\/td><td>7.7%<\/td><td>22.7%<\/td><\/tr><\/tbody><\/table><\/figure>\n\n\n\n<p>Trabajadores originarios de Mexico en el <a href=\"https:\/\/www.canada.ca\/en\/employment-social-development\/services\/foreign-workers\/agricultural\/seasonal-agricultural.html\">programa PTAT<\/a> reciben devoluci\u00f3n total del impuesto sobre la renta si ganaron menos de $16,000 ese a\u00f1o.<\/p>\n\n\n\n<figure class=\"wp-block-table\"><table class=\"has-fixed-layout\"><tbody><tr><td>CAN $10.000<\/td><td>Barbados<\/td><\/tr><tr><td>CAN $5.000&nbsp;<\/td><td>Jamaica<\/td><\/tr><tr><td>CAN $8.500&nbsp;<\/td><td>Trinidad and Tobago<\/td><\/tr><\/tbody><\/table><\/figure>\n\n\n\n<p><strong>La fecha l\u00edmite para declarar impuestos es el 30 de abril de cada a\u00f1o.<\/strong> Se recomienda hacerlo cada a\u00f1o para evitar problemas y acumular a\u00f1os pensionables. Si no lo hiciste en a\u00f1os anteriores, puedes hacerlo hasta 10 a\u00f1os atr\u00e1s.<br><br><strong>Documentos necesarios para declarar impuestos:<\/strong><\/p>\n\n\n\n<ol class=\"wp-block-list\">\n<li>Foto del pasaporte y permiso de trabajo<\/li>\n\n\n\n<li>N\u00famero de telefono y correo electr\u00f3nico<\/li>\n\n\n\n<li>Direcci\u00f3n en tu pa\u00eds de origen y en Canad\u00e1<\/li>\n\n\n\n<li>Preferencia de contacto (correo electr\u00f3nico, f\u00edsico o tel\u00e9fono)<\/li>\n\n\n\n<li>Fechas de entrada y salida de Canad\u00e1<\/li>\n\n\n\n<li>Datos de cuenta bancaria activa en Canad\u00e1<\/li>\n\n\n\n<li>Formulario T4 o \u00faltimo recibo de pago<\/li>\n\n\n\n<li>N\u00famero de seguro social (SIN. Tiene 9 d\u00edgitos)<\/li>\n\n\n\n<li>Otros ingresos fuera de Canad\u00e1 (en d\u00f3lares canadienses)<\/li>\n\n\n\n<li>Ingresos del c\u00f3nyuge (en d\u00f3lares canadienses)<\/li>\n\n\n\n<li>Resultado de la \u00faltima declaraci\u00f3n (Notice of Assessment)<\/li>\n\n\n\n<li>Recibos de gastos m\u00e9dicos<\/li>\n\n\n\n<li>Informaci\u00f3n sobre hijos menores: nombre, fecha de nacimiento, relaci\u00f3n, lugar de residencia<\/li>\n<\/ol>\n\n\n\n<p><\/p>\n\n\n\n<p><strong>Documentos que debe pedir si alguien hace su declaraci\u00f3n:<\/strong><br>- Copia de la declaraci\u00f3n enviada al CRA<br>- Resultados de todas las declaraciones (Notice of Assessment)<br>- Formulario T1 (si diste permiso a alguien)<br>- Formulario TIS60 (si lo hizo un voluntario)<\/p>\n\n\n\n<p><strong>\u00bfCu\u00e1ndo recibir\u00e1 su dinero?<\/strong><br>Las declaraciones se env\u00edan por correo al CRA, por lo que el proceso toma tiempo. El dep\u00f3sito puede tardar de 2 a 4 meses.<\/p>\n\n\n\n<section class=\"wp-block-uagb-section uagb-section__wrap uagb-section__background-undefined uagb-block-bd050189\"><div class=\"uagb-section__overlay\"><\/div><div class=\"uagb-section__inner-wrap\">\n\t<div class=\"\"> \n\n\t\t<div class=\"mb_heading_wrapper\" id=\"mb_heading_id_cDLDnx6nudFGG3Od0pSo\">\n\t\t\t<h2 class=\" translation-block\">Documentos Y Enlaces<\/h2>\n\n\t\t\t<div class=\"mb_separator_heading_wrapper\">\n\t\t\t\t<div class=\"mb_separator_heading\"><\/div>\n\t\t\t<\/div>\n\n\t\t\t\t\t\t\t<p>Subtitles<\/p>\n\t\t\t\t\n\t\t<\/div>\n\n\t<\/div>\n\n\t<style>\n\n\t\t#mb_heading_id_cDLDnx6nudFGG3Od0pSo.mb_heading_wrapper{\n\t\t\ttext-align: center;\n\t\t}\t\n\n\t\t#mb_heading_id_cDLDnx6nudFGG3Od0pSo h2{\n\t\t\tfont-size: 20px;\n\t\t\tcolor: #000;\n\t\t\tmargin-bottom: 0px;\n\t\t}\n\n\t\t#mb_heading_id_cDLDnx6nudFGG3Od0pSo p{\n\t\t\tfont-size: 15px;\n\t\t\tcolor: #000;\n\t\t\tmargin-bottom: 0px;\n\t\t}\n\n\t\t#mb_heading_id_cDLDnx6nudFGG3Od0pSo .mb_separator_heading{\n\t\t\tborder-top-style: solid;\n\t\t\tborder-top-width: 2px;\n\t\t\twidth: 20%;\n\t\t\tcolor: #fb8813;\n\t\t\tmargin-bottom: 0px;\n\t\t\tdisplay: inline-block;\n\t\t}\n\n\t<\/style>\n\n\t\n\n\n<ul class=\"wp-block-list\">\n<li><a href=\"https:\/\/www.canada.ca\/content\/dam\/esdc-edsc\/documents\/services\/foreign-workers\/agricultural\/seasonal-agricultural\/apply\/caribbean\/sawp-2025-caribbean-20241223_en.pdf\" target=\"_blank\" rel=\"noreferrer noopener\">SAWP contract 2025 Caribbean-BC<\/a><\/li>\n\n\n\n<li><a href=\"https:\/\/www.canada.ca\/en\/employment-social-development\/services\/foreign-workers\/agricultural\/seasonal-agricultural\/requirements\/mexico.html\" target=\"_blank\" rel=\"noreferrer noopener\">SAWP Contract 2025 Mexico-Canada<\/a><\/li>\n\n\n\n<li><a href=\"https:\/\/catalogue.servicecanada.gc.ca\/content\/EForms\/en\/CallForm.html?Lang=en&amp;PDF=ESDC-EMP5710.pdf\">Contrato bajo program Agriculture Stream<\/a> <\/li>\n\n\n\n<li><a href=\"http:\/\/www.ramaokanagan.org\/wp-content\/uploads\/2021\/08\/OpenWorkPermit-questionaire-2020.pdf\" target=\"_blank\" rel=\"noreferrer noopener\">Cuestionario para aplicar a permiso de trabajo abierto para trabajadores migrantes vulnerables <\/a><\/li>\n\n\n\n<li><a href=\"https:\/\/www.canada.ca\/en\/employment-social-development\/services\/foreign-workers\/agricultural\/seasonal-agricultural\/requirements.html\">Informacion sobre el PTAT<\/a><\/li>\n\n\n\n<li><a href=\"https:\/\/catalogue.servicecanada.gc.ca\/content\/EForms\/en\/Detail.html?Form=EMP5598\" target=\"_blank\" rel=\"noreferrer noopener\">Inspeccion requerida para alojamiento de trabajadores en BC<\/a><\/li>\n\n\n\n<li><a href=\"https:\/\/www.canada.ca\/en\/revenue-agency\/services\/forms-publications\/forms\/rc66.html\">Aplicacion para beneficio de padres por medio de declaracion de impuestos en Canada<\/a><\/li>\n\n\n\n<li><a href=\"http:\/\/www.ramaokanagan.org\/wp-content\/uploads\/2015\/03\/Direct-Deposit-Info-English.pdf\">Informacion para deposito directo<\/a><\/li>\n\n\n\n<li><a href=\"http:\/\/www.ramaokanagan.org\/wp-content\/uploads\/2015\/03\/Employment-Rights-Contract-March-17.pdf\">Derechos de empleados que no son parte de un sindicato en BC<\/a><\/li>\n\n\n\n<li><a href=\"http:\/\/www.ramaokanagan.org\/wp-content\/uploads\/2015\/03\/FAQs-Discriminatory-Action-WCA-WCB.pdf\">Preguntas frecuentes sobre acciones por discriminacion bajo la ley de Worker's Compensation en BC<\/a><\/li>\n\n\n\n<li><a href=\"http:\/\/www.ramaokanagan.org\/wp-content\/uploads\/2015\/03\/Farm-Workers-Fact-Sheet-English.pdf\">Hoja informativa sobre estandares de empleo en BC<\/a>\n<ul class=\"wp-block-list\">\n<li>Para incumplimiento en agricultura<\/li>\n\n\n\n<li>Informacion general<\/li>\n<\/ul>\n<\/li>\n<\/ul>\n\n\n\n<ul class=\"wp-block-list\">\n<li><a href=\"http:\/\/www.ramaokanagan.org\/wp-content\/uploads\/2015\/03\/Just-Cause-Workers-Booklet.pdf\">Informacion sobre leyes de trabajo en BC<\/a><\/li>\n\n\n\n<li><a href=\"http:\/\/www.ramaokanagan.org\/wp-content\/uploads\/2015\/03\/Legal-resources.pdf\">Recursos legales<\/a><\/li>\n\n\n\n<li><a href=\"http:\/\/www.ramaokanagan.org\/wp-content\/uploads\/2015\/03\/Pesticides-and-your-health-English.pdf\">Pesticidas y su salud<\/a><\/li>\n\n\n\n<li><a href=\"http:\/\/www.ramaokanagan.org\/wp-content\/uploads\/2015\/03\/WCB-Authorization-of-a-Representative.pdf\">Autorizacion de uso de representates con WorkSafe BC<\/a><\/li>\n\n\n\n<li><a href=\"http:\/\/www.ramaokanagan.org\/wp-content\/uploads\/2015\/03\/WCB-Workers-report-of-injury-to-employer-English.pdf\">Reporte de lesiones de trabajo de WorkSafe BC a el empleador<\/a><\/li>\n\n\n\n<li>Linea telefonica anonima para quejas de abuso, alojamiento y mas, por medio de el gobierno de Canada <\/li>\n\n\n\n<li>Informacion de contacto del consulado de Mexico\n<ul class=\"wp-block-list\">\n<li>SWAP: +1 604 682 7617<\/li>\n\n\n\n<li>Impuestos y pension <\/li>\n<\/ul>\n<\/li>\n\n\n\n<li><a href=\"https:\/\/www.gob.mx\/stps\/documentos\/registro-central-de-agencias-de-colocacion-de-trabajadores-con-y-sin-fines-de-lucro-con-constancia-de-autorizacion-de-funcionamiento-y-registro-otorgada.\">Agencias de colocacion aprobadas por el gobierno Mexicano (sin animos de lucro y tambien con animos de lucro)<\/a> <\/li>\n\n\n\n<li><a href=\"https:\/\/www.gob.mx\/profeco\/articulos\/proceso-y-requisitos-de-quejas-y-denuncias\">Quejas por medio del gobierno Mexicano<\/a><\/li>\n<\/ul>\n\n\n\n\n\n\n\n<\/p>\n\n\n\n<ul class=\"wp-block-list\">\n<li><a href=\"https:\/\/www.canada.ca\/content\/dam\/canada\/employment-social-development\/migration\/documents\/assets\/portfolio\/docs\/en\/foreign_workers\/hire\/seasonal_agricultural\/documents\/Contract_Mexico_Spanish_2020.pdf\" target=\"_blank\" rel=\"noreferrer noopener\">Contrato de Trabajo para Trabajadores Agr\u00edcolas Temporales Mexicanos 2020<\/a> (aqui para <a href=\"https:\/\/www.canada.ca\/content\/dam\/canada\/employment-social-development\/migration\/documents\/assets\/portfolio\/docs\/en\/foreign_workers\/hire\/seasonal_agricultural\/documents\/Contract_Mexico_English_2020.pdf\" target=\"_blank\" rel=\"noreferrer noopener\">Ingl\u00e9s<\/a>)<\/li>\n\n\n\n<li>Hoja informativa sobre: <a href=\"http:\/\/www.ramaokanagan.org\/wp-content\/uploads\/2021\/03\/AccesoCPP.pdf\" target=\"_blank\" rel=\"noreferrer noopener\">Acceso a la Pensi\u00f3n de Jubilaci\u00f3n del Canadian Pension Plan (Plan de Pensi\u00f3n Canadiense)<\/a><\/li>\n\n\n\n<li>Hoja informativa sobre: <a href=\"http:\/\/www.ramaokanagan.org\/wp-content\/uploads\/2021\/03\/NormasLaborales.pdf\" target=\"_blank\" rel=\"noreferrer noopener\">Normas laborales para trabajadores agr\u00edcolas en British Columbia<\/a><\/li>\n\n\n\n<li>Hoja informativa sobre: <a href=\"http:\/\/www.ramaokanagan.org\/wp-content\/uploads\/2021\/03\/ProgramaPiloto.pdf\" target=\"_blank\" rel=\"noreferrer noopener\">El programa piloto Agri-Food<\/a><\/li>\n\n\n\n<li>Hoja informativa sobre: <a href=\"http:\/\/www.ramaokanagan.org\/wp-content\/uploads\/2021\/03\/InformarPeligrosSalud.pdf\" target=\"_blank\" rel=\"noreferrer noopener\">Su obligaci\u00f3n de informar peligros a la salud y seguridad durante la pandemia de COVID-19<\/a><\/li>\n\n\n\n<li>Hoja informativa sobre: <a href=\"http:\/\/www.ramaokanagan.org\/wp-content\/uploads\/2015\/03\/Farm-Workers-Fact-Sheet-Spanish.pdf\">Informaci\u00f3n general del Ministerio en BC para Trabajadores Agr\u00edcolas<\/a><\/li>\n\n\n\n<li><a href=\"http:\/\/www.ramaokanagan.org\/wp-content\/uploads\/2015\/03\/SAWP-Insurance-Claim_Form-Bilingual.pdf\">Formulario de Reembolso por Prestaciones M\u00e9dicas (Espa\u00f1ol en la segunda p\u00e1gina)<\/a><\/li>\n<\/ul>\n\n\n\n<ol class=\"wp-block-list\">\n<li>Para dejar una <strong>queja anonima sobre el PTAT<\/strong> (debe ser Ingl\u00e9s o Frances. RAMA puede ayudar para realizar esta llamada): 1 800 663 3316<\/li>\n\n\n\n<li>Linea de tel\u00e9fono para <strong>informacion general sobre pago y horas de trabajo: <\/strong>1 833 236 3700 &#8211; para pedir un traductor, diga &#8220;Spanish translator please&#8221; y espere unos minutos a que lo conecten con un traductor. RAMA tambien puede ayudar a traducir.<\/li>\n<\/ol>\n\n\n\n<p><\/p>\n<\/div><\/section>\n\n\n\n<div class=\"wp-block-group\"><div class=\"wp-block-group__inner-container is-layout-flow wp-block-group-is-layout-flow\"><\/div><\/div>\n\n\n\n<p>\n\n\n\n<h3 class=\"wp-block-heading has-text-align-center\">Videos Con Informacion Importante<\/h3>\n\n\n\n<div class=\"wp-block-group\"><div class=\"wp-block-group__inner-container is-layout-flow wp-block-group-is-layout-flow\">\n<section class=\"wp-block-uagb-section uagb-section__wrap uagb-section__background-undefined uagb-block-53edb991\"><div class=\"uagb-section__overlay\"><\/div><div class=\"uagb-section__inner-wrap\">\n\n<\/div><\/section>\n<\/div><\/div>\n\n\n\n<section class=\"wp-block-uagb-section uagb-section__wrap uagb-section__background-undefined uagb-block-9869bb16\"><div class=\"uagb-section__overlay\"><\/div><div class=\"uagb-section__inner-wrap\">\n<p class=\"has-text-align-center\"><\/p>\n\n\n\n<figure class=\"wp-block-embed aligncenter is-type-video is-provider-youtube wp-block-embed-youtube wp-embed-aspect-16-9 wp-has-aspect-ratio\"><div class=\"wp-block-embed__wrapper\">\n<div class=\"jetpack-video-wrapper\"><iframe loading=\"lazy\" title=\"Horas Laborales (Spanish\/Espa\u00f1ol)\" width=\"640\" height=\"360\" src=\"https:\/\/www.youtube.com\/embed\/S7oRv7w-LQI?start=31&#038;feature=oembed\" frameborder=\"0\" allow=\"accelerometer; autoplay; clipboard-write; encrypted-media; gyroscope; picture-in-picture; web-share\" referrerpolicy=\"strict-origin-when-cross-origin\" allowfullscreen><\/iframe><\/div>\n<\/div><\/figure>\n\n\n\n<figure class=\"wp-block-embed aligncenter is-type-video is-provider-youtube wp-block-embed-youtube wp-embed-aspect-16-9 wp-has-aspect-ratio\"><div class=\"wp-block-embed__wrapper\">\n<div class=\"jetpack-video-wrapper\"><iframe loading=\"lazy\" title=\"Compensaci\u00f3n (Espa\u00f1ol\/Spanish)\" width=\"640\" height=\"360\" src=\"https:\/\/www.youtube.com\/embed\/u30Vdnt4-N8?feature=oembed\" frameborder=\"0\" allow=\"accelerometer; autoplay; clipboard-write; encrypted-media; gyroscope; picture-in-picture; web-share\" referrerpolicy=\"strict-origin-when-cross-origin\" allowfullscreen><\/iframe><\/div>\n<\/div><\/figure>\n\n\n\n<figure class=\"wp-block-embed aligncenter is-type-video is-provider-youtube wp-block-embed-youtube wp-embed-aspect-16-9 wp-has-aspect-ratio\"><div class=\"wp-block-embed__wrapper\">\n<div class=\"jetpack-video-wrapper\"><iframe loading=\"lazy\" title=\"Alojamiento (Espa\u00f1ol\/Spanish)\" width=\"640\" height=\"360\" src=\"https:\/\/www.youtube.com\/embed\/mBbqvphz_Ek?start=80&#038;feature=oembed\" frameborder=\"0\" allow=\"accelerometer; autoplay; clipboard-write; encrypted-media; gyroscope; picture-in-picture; web-share\" referrerpolicy=\"strict-origin-when-cross-origin\" allowfullscreen><\/iframe><\/div>\n<\/div><\/figure>\n\n\n\n<figure class=\"wp-block-embed aligncenter is-type-video is-provider-youtube wp-block-embed-youtube wp-embed-aspect-16-9 wp-has-aspect-ratio\"><div class=\"wp-block-embed__wrapper\">\n<div class=\"jetpack-video-wrapper\"><iframe loading=\"lazy\" title=\"Deducciones (Espa\u00f1ol\/Spanish)\" width=\"640\" height=\"360\" src=\"https:\/\/www.youtube.com\/embed\/4OlDk5ZTWqk?feature=oembed\" frameborder=\"0\" allow=\"accelerometer; autoplay; clipboard-write; encrypted-media; gyroscope; picture-in-picture; web-share\" referrerpolicy=\"strict-origin-when-cross-origin\" allowfullscreen><\/iframe><\/div>\n<\/div><\/figure>\n\n\n\n<figure class=\"wp-block-embed aligncenter is-type-video is-provider-youtube wp-block-embed-youtube wp-embed-aspect-16-9 wp-has-aspect-ratio\"><div class=\"wp-block-embed__wrapper\">\n<div class=\"jetpack-video-wrapper\"><iframe loading=\"lazy\" title=\"Atenci\u00f3n M\u00e9dica (Espa\u00f1ol\/Spanish)\" width=\"640\" height=\"360\" src=\"https:\/\/www.youtube.com\/embed\/wD6Res1uzdo?start=10&#038;feature=oembed\" frameborder=\"0\" allow=\"accelerometer; autoplay; clipboard-write; encrypted-media; gyroscope; picture-in-picture; web-share\" referrerpolicy=\"strict-origin-when-cross-origin\" allowfullscreen><\/iframe><\/div>\n<\/div><\/figure>\n\n\n\n<figure class=\"wp-block-embed aligncenter is-type-video is-provider-youtube wp-block-embed-youtube wp-embed-aspect-16-9 wp-has-aspect-ratio\"><div class=\"wp-block-embed__wrapper\">\n<div class=\"jetpack-video-wrapper\"><iframe loading=\"lazy\" title=\"Discriminaci\u00f3n (Espa\u00f1ol\/Spanish)\" width=\"640\" height=\"360\" src=\"https:\/\/www.youtube.com\/embed\/jk0qNm5Yse8?start=37&#038;feature=oembed\" frameborder=\"0\" allow=\"accelerometer; autoplay; clipboard-write; encrypted-media; gyroscope; picture-in-picture; web-share\" referrerpolicy=\"strict-origin-when-cross-origin\" allowfullscreen><\/iframe><\/div>\n<\/div><\/figure>\n\n\n\n<p><\/p>\n\n\n\n<p class=\" translation-block\">Gracias a <a href=\"https:\/\/www.bcgeu.ca\/\" target=\"_self\" rel=\"noreferrer noopener\">BCGEU<\/a> por su apoyo para crear esos videos!<\/p>\n\n\n\n<p><\/p>\n<\/div><\/section>","protected":false},"excerpt":{"rendered":"<p>In this page, we compile key resources for seasonal workers. Please scroll down to navigate them and also find short videos answering frequently asked questions on housing, pay, discrimination, taxes, and more. About Taxes in Canada How do taxes work in Canada? The CRA (Canada Revenue Agency) is the government agency responsible for managing taxes in Canada.There are many types [&hellip;]<\/p>","protected":false},"author":1,"featured_media":0,"parent":15,"menu_order":0,"comment_status":"closed","ping_status":"closed","template":"page-templates\/full-width-container.php","meta":{"_uag_custom_page_level_css":"","jetpack_post_was_ever_published":false,"footnotes":""},"class_list":["post-19","page","type-page","status-publish","hentry"],"uagb_featured_image_src":{"full":false,"thumbnail":false,"medium":false,"medium_large":false,"large":false,"elegant_blocks_team_1":false,"elegant_blocks_blog_1":false,"elegant_blocks_slider_1":false,"1536x1536":false,"2048x2048":false,"trp-custom-language-flag":false,"bizberg_medium":false,"bizberg_gallery":false,"bizberg_blog_list":false,"bizberg_detail_image":false,"bizberg_detail_image_no_sidebar":false,"bizberg_portfolio_homepage":false,"bizberg_blog_list_no_sidebar_1":false},"uagb_author_info":{"display_name":"RAMA Okanagan","author_link":"https:\/\/www.ramaokanagan.org\/es\/author\/kelisehahngmail-com\/"},"uagb_comment_info":0,"uagb_excerpt":"In this page, we compile key resources for seasonal workers. Please scroll down to navigate them and also find short videos answering frequently asked questions on housing, pay, discrimination, taxes, and more. About Taxes in Canada How do taxes work in Canada? The CRA (Canada Revenue Agency) is the government agency responsible for managing taxes&hellip;","jetpack_sharing_enabled":false,"jetpack_shortlink":"https:\/\/wp.me\/P60BJJ-j","_links":{"self":[{"href":"https:\/\/www.ramaokanagan.org\/es\/wp-json\/wp\/v2\/pages\/19","targetHints":{"allow":["GET"]}}],"collection":[{"href":"https:\/\/www.ramaokanagan.org\/es\/wp-json\/wp\/v2\/pages"}],"about":[{"href":"https:\/\/www.ramaokanagan.org\/es\/wp-json\/wp\/v2\/types\/page"}],"author":[{"embeddable":true,"href":"https:\/\/www.ramaokanagan.org\/es\/wp-json\/wp\/v2\/users\/1"}],"replies":[{"embeddable":true,"href":"https:\/\/www.ramaokanagan.org\/es\/wp-json\/wp\/v2\/comments?post=19"}],"version-history":[{"count":73,"href":"https:\/\/www.ramaokanagan.org\/es\/wp-json\/wp\/v2\/pages\/19\/revisions"}],"predecessor-version":[{"id":1552,"href":"https:\/\/www.ramaokanagan.org\/es\/wp-json\/wp\/v2\/pages\/19\/revisions\/1552"}],"up":[{"embeddable":true,"href":"https:\/\/www.ramaokanagan.org\/es\/wp-json\/wp\/v2\/pages\/15"}],"wp:attachment":[{"href":"https:\/\/www.ramaokanagan.org\/es\/wp-json\/wp\/v2\/media?parent=19"}],"curies":[{"name":"wp","href":"https:\/\/api.w.org\/{rel}","templated":true}]}}