{"id":555,"date":"2019-10-13T05:57:22","date_gmt":"2019-10-13T05:57:22","guid":{"rendered":"http:\/\/ngo-charity-fundraising.cyclonethemes.com\/?page_id=11"},"modified":"2025-08-11T16:12:29","modified_gmt":"2025-08-11T16:12:29","slug":"charity-free","status":"publish","type":"page","link":"https:\/\/www.ramaokanagan.org\/es\/","title":{"rendered":"P\u00e1gina Principal"},"content":{"rendered":"<div class=\"wp-block-group\"><div class=\"wp-block-group__inner-container is-layout-constrained wp-block-group-is-layout-constrained\"><\/div><\/div>\n\n\n\n<div class=\"wp-block-cover is-light wp-duotone-unset-1\" style=\"min-height:429px;aspect-ratio:unset;\"><img data-recalc-dims=\"1\" loading=\"lazy\" decoding=\"async\" width=\"640\" height=\"256\" class=\"wp-block-cover__image-background wp-image-1520 size-full\" alt=\"\" src=\"https:\/\/i0.wp.com\/www.ramaokanagan.org\/wp-content\/uploads\/2025\/08\/RAMA-banner-2025.webp?resize=640%2C256&#038;ssl=1\" data-object-fit=\"cover\" srcset=\"https:\/\/i0.wp.com\/www.ramaokanagan.org\/wp-content\/uploads\/2025\/08\/RAMA-banner-2025.webp?w=1920&amp;ssl=1 1920w, https:\/\/i0.wp.com\/www.ramaokanagan.org\/wp-content\/uploads\/2025\/08\/RAMA-banner-2025.webp?resize=300%2C120&amp;ssl=1 300w, https:\/\/i0.wp.com\/www.ramaokanagan.org\/wp-content\/uploads\/2025\/08\/RAMA-banner-2025.webp?resize=1024%2C410&amp;ssl=1 1024w, https:\/\/i0.wp.com\/www.ramaokanagan.org\/wp-content\/uploads\/2025\/08\/RAMA-banner-2025.webp?resize=768%2C307&amp;ssl=1 768w, https:\/\/i0.wp.com\/www.ramaokanagan.org\/wp-content\/uploads\/2025\/08\/RAMA-banner-2025.webp?resize=1536%2C614&amp;ssl=1 1536w, https:\/\/i0.wp.com\/www.ramaokanagan.org\/wp-content\/uploads\/2025\/08\/RAMA-banner-2025.webp?resize=18%2C7&amp;ssl=1 18w, https:\/\/i0.wp.com\/www.ramaokanagan.org\/wp-content\/uploads\/2025\/08\/RAMA-banner-2025.webp?w=1280 1280w\" sizes=\"auto, (max-width: 640px) 100vw, 640px\" \/><span aria-hidden=\"true\" class=\"wp-block-cover__background has-background-dim-0 has-background-dim\"><\/span><div class=\"wp-block-cover__inner-container is-layout-constrained wp-block-cover-is-layout-constrained\">\n<p class=\"has-text-align-center has-text-color has-link-color wp-elements-793ddfcc620b103d074da9edd17fe5dd\" style=\"color:#f68b29;font-size:76px\"><\/p>\n<\/div><\/div>\n\n\n\n<div class=\"wp-block-buttons is-layout-flex wp-block-buttons-is-layout-flex\">\n<div class=\"wp-block-button\"><a class=\"wp-block-button__link wp-element-button\" href=\"https:\/\/www.ramaokanagan.org\/get-involved\/support-us\/\">Apoye Nuestro Trabajo<\/a><\/div>\n\n\n\n<div class=\"wp-block-button\"><a class=\"wp-block-button__link has-black-color has-luminous-vivid-orange-background-color has-text-color has-background wp-element-button\" href=\"http:\/\/www.ramaokanagan.org\/about-rama\/rama-isla\/\">RAMA Isla (Vancouver Island &#8211; W\u0331S\u00c1NE\u0106 and L\u0259k\u0313\u02b7\u0259\u014b\u0259n territories)<\/a><\/div>\n<\/div>\n\n\n\n<div class=\"wp-block-group\"><div class=\"wp-block-group__inner-container is-layout-flow wp-block-group-is-layout-flow\">\n\t\t<div class=\"container eb_block_container\">\n\t\t\t<div id=\"eb_container_tvYdw54YpvIyKl9dawfM\" class=\"\">\n\t\t\t\t\n\n<section class=\"wp-block-uagb-columns uagb-columns__wrap uagb-columns__background-none uagb-columns__stack-mobile uagb-columns__valign-center uagb-columns__gap-15 align uagb-block-9841c4e2 uagb-columns__columns-2 uagb-columns__max_width-custom\"><div class=\"uagb-columns__overlay\"><\/div><div class=\"uagb-columns__inner-wrap uagb-columns__columns-2\">\n<div class=\"wp-block-uagb-column uagb-column__wrap uagb-column__background-undefined uagb-block-76ed0f6e\"><div class=\"uagb-column__overlay\"><\/div>\n<figure class=\"wp-block-embed is-type-video is-provider-youtube wp-block-embed-youtube wp-embed-aspect-16-9 wp-has-aspect-ratio\"><div class=\"wp-block-embed__wrapper\">\n<div class=\"jetpack-video-wrapper\"><iframe loading=\"lazy\" title=\"RAMA - Welcome BBQ for Migrant Workers in Agriculture (Kelowna, BC)\" width=\"640\" height=\"360\" src=\"https:\/\/www.youtube.com\/embed\/Az55B426noU?feature=oembed\" frameborder=\"0\" allow=\"accelerometer; autoplay; clipboard-write; encrypted-media; gyroscope; picture-in-picture; web-share\" referrerpolicy=\"strict-origin-when-cross-origin\" allowfullscreen><\/iframe><\/div>\n<\/div><\/figure>\n<\/div>\n\n\n\n<div class=\"wp-block-uagb-column uagb-column__wrap uagb-column__background-undefined uagb-block-1571228a\"><div class=\"uagb-column__overlay\"><\/div>\n\t<div class=\"\"> \n\n\t\t<div class=\"mb_heading_wrapper\" id=\"mb_heading_id_5w7JSrWBveYKGzCxInD4\">\n\t\t\t<h2>\n\t\t\t\t<strong>Sobre Nosotros<\/strong>\t\t\t<\/h2>\n\n\t\t\t<div class=\"mb_separator_heading_wrapper\">\n\t\t\t\t<div class=\"mb_separator_heading\"><\/div>\n\t\t\t<\/div>\n\n\t\t\t\n\t\t<\/div>\n\n\t<\/div>\n\n\t<style>\n\n\t\t#mb_heading_id_5w7JSrWBveYKGzCxInD4.mb_heading_wrapper{\n\t\t\ttext-align: center;\n\t\t}\t\n\n\t\t#mb_heading_id_5w7JSrWBveYKGzCxInD4 h2{\n\t\t\tfont-size: 20px;\n\t\t\tcolor: #000;\n\t\t\tmargin-bottom: 0px;\n\t\t}\n\n\t\t#mb_heading_id_5w7JSrWBveYKGzCxInD4 p{\n\t\t\tfont-size: 15px;\n\t\t\tcolor: #000;\n\t\t\tmargin-bottom: 0px;\n\t\t}\n\n\t\t#mb_heading_id_5w7JSrWBveYKGzCxInD4 .mb_separator_heading{\n\t\t\tborder-top-style: solid;\n\t\t\tborder-top-width: 2px;\n\t\t\twidth: 20%;\n\t\t\tcolor: #fb8813;\n\t\t\tmargin-bottom: 20px;\n\t\t\tdisplay: inline-block;\n\t\t}\n\n\t<\/style>\n\n\t\n\n\n<p><mark style=\"background-color:rgba(0, 0, 0, 0)\" class=\"has-inline-color has-black-color\">RAMA is a migrant justice collective that advocates for Latin American and Caribbean migrant farm workers, and all other migrant workers with precarious status in the unceded Syilx and Secwepemc territories of the Okanagan Valley. We work to build inclusive and more socially just communities by engaging in political advocacy, accompaniment, direct support work, public awareness campaigns, and the documentation of workers\u2019 conditions and experiences. We are a volunteer-run, not-for-profit group.<\/mark><\/p>\n\n\n\n<div class=\"wp-block-button is-style-fill alignleft\"><a class=\"wp-block-button__link has-luminous-vivid-orange-background-color has-background wp-element-button\" href=\"\/about-rama\/about\/\">Lea mas\u2026<\/a><\/div>\n<\/div>\n<\/div><\/section>\n\n\t\t\t<\/div>\n\t\t<\/div>\n\n\t\t<style>\n\t\t\t\n\t\t\t#eb_container_tvYdw54YpvIyKl9dawfM {\n\t\t\t\tpadding-top: 0px;\n\t\t\t\tpadding-bottom: 0px;\n\t\t\t\tpadding-left: 0px;\n\t\t\t\tpadding-right: 0px;\n\t\t\t}\n\n\t\t\t@media (min-width: 768px) and (max-width: 1024px) {\n  \n\t\t\t \t#eb_container_tvYdw54YpvIyKl9dawfM {\n\t\t\t\t\tpadding-top: 0px;\n\t\t\t\t\tpadding-bottom: 0px;\n\t\t\t\t\tpadding-left: 0px;\n\t\t\t\t\tpadding-right: 0px;\n\t\t\t\t}\n\t\t\t  \n\t\t\t}\n\n\t\t\t@media (min-width: 320px) and (max-width: 767px) {\n  \n\t\t\t\t#eb_container_tvYdw54YpvIyKl9dawfM {\n\t\t\t\t\tpadding-top: 0px;\n\t\t\t\t\tpadding-bottom: 0px;\n\t\t\t\t\tpadding-left: 0px;\n\t\t\t\t\tpadding-right: 0px;\n\t\t\t\t}\n\t\t\t  \n\t\t\t}\n\n\t\t<\/style>\n\n\t\t<\/div><\/div>\n\n\n\n<div style=\"height:25px\" aria-hidden=\"true\" class=\"wp-block-spacer\"><\/div>\n\n\n\n<section class=\"wp-block-uagb-section uagb-section__wrap uagb-section__background-image uagb-block-7933a3c0\"><div class=\"uagb-section__overlay\"><\/div><div class=\"uagb-section__inner-wrap\">\n\t<div class=\"\"> \n\n\t\t<div class=\"mb_heading_wrapper\" id=\"mb_heading_id_llNkkUH3vWDiZ7JC5m6f\">\n\t\t\t<h3>\n\t\t\t\t<strong>Nosotros reconocemos que nuestro trabajo ocurre en los territorios de las comunidades Ind\u00edgena Syilx y Secwepemc del Valle Okanagan (territorios nunca cedidos a la corona Brit\u00e1nica).<\/strong>\t\t\t<\/h3>\n\n\t\t\t<div class=\"mb_separator_heading_wrapper\">\n\t\t\t\t<div class=\"mb_separator_heading\"><\/div>\n\t\t\t<\/div>\n\n\t\t\t\t\t\t\t<p><strong>Nos esforzamos para conectarnos con \u00e9stas comunidades en solidaridad con otros movimientos Ind\u00edgenas. Tambi\u00e9n reconocemos que el racismo sistem\u00e1tico, el colonialismo, y el capitalismo forman parte de los or\u00edgenes de nuestra lucha colectiva. Nosotros sentimos que debemos formar fuertes alianzas para que juntos podamos superar estas fuerzas opresivas.<\/strong>.<\/p>\n\t\t\t\t\n\t\t<\/div>\n\n\t<\/div>\n\n\t<style>\n\n\t\t#mb_heading_id_llNkkUH3vWDiZ7JC5m6f.mb_heading_wrapper{\n\t\t\ttext-align: center;\n\t\t}\t\n\n\t\t#mb_heading_id_llNkkUH3vWDiZ7JC5m6f H3{\n\t\t\tfont-size: 18px;\n\t\t\tcolor: #ffffff;\n\t\t\tmargin-bottom: 7px;\n\t\t}\n\n\t\t#mb_heading_id_llNkkUH3vWDiZ7JC5m6f p{\n\t\t\tfont-size: 15px;\n\t\t\tcolor: #ffffff;\n\t\t\tmargin-bottom: 2px;\n\t\t}\n\n\t\t#mb_heading_id_llNkkUH3vWDiZ7JC5m6f .mb_separator_heading{\n\t\t\tborder-top-style: solid;\n\t\t\tborder-top-width: 2px;\n\t\t\twidth: 20%;\n\t\t\tcolor: #fb8813;\n\t\t\tmargin-bottom: 20px;\n\t\t\tdisplay: inline-block;\n\t\t}\n\n\t<\/style>\n\n\t<\/div><\/section>\n\n\n\n\t\t<div class=\"container eb_block_container\">\n\t\t\t<div id=\"eb_container_JJOddtNhkOBBOaidaaeH\" class=\"\">\n\t\t\t\t\n\n<div style=\"height:50px\" aria-hidden=\"true\" class=\"wp-block-spacer\"><\/div>\n\n\n\n\t<div class=\"\"> \n\n\t\t<div class=\"mb_heading_wrapper\" id=\"mb_heading_id_AojdH5Sd5NqusdNO9xul\">\n\t\t\t<h2>\n\t\t\t\t<strong><a href=\"https:\/\/www.ramaokanagan.org\/blog-2\/\">Publicaciones recientes<\/a><\/strong>\t\t\t<\/h2>\n\n\t\t\t<div class=\"mb_separator_heading_wrapper\">\n\t\t\t\t<div class=\"mb_separator_heading\"><\/div>\n\t\t\t<\/div>\n\n\t\t\t\n\t\t<\/div>\n\n\t<\/div>\n\n\t<style>\n\n\t\t#mb_heading_id_AojdH5Sd5NqusdNO9xul.mb_heading_wrapper{\n\t\t\ttext-align: center;\n\t\t}\t\n\n\t\t#mb_heading_id_AojdH5Sd5NqusdNO9xul h2{\n\t\t\tfont-size: 20px;\n\t\t\tcolor: #000;\n\t\t\tmargin-bottom: 0px;\n\t\t}\n\n\t\t#mb_heading_id_AojdH5Sd5NqusdNO9xul p{\n\t\t\tfont-size: 15px;\n\t\t\tcolor: #000;\n\t\t\tmargin-bottom: 0px;\n\t\t}\n\n\t\t#mb_heading_id_AojdH5Sd5NqusdNO9xul .mb_separator_heading{\n\t\t\tborder-top-style: solid;\n\t\t\tborder-top-width: 2px;\n\t\t\twidth: 20%;\n\t\t\tcolor: #fb8813;\n\t\t\tmargin-bottom: 0px;\n\t\t\tdisplay: inline-block;\n\t\t}\n\n\t<\/style>\n\n\t\n\n\n<div style=\"height:25px\" aria-hidden=\"true\" class=\"wp-block-spacer\"><\/div>\n\n\n\n\t\t\t<div class=\"wp-block-uagb-post-masonry uagb-post-grid  uagb-post__image-position-top uagb-post__image-enabled uagb-block-1da9179c     uagb-post__items uagb-post__columns-4 is-masonry uagb-post__columns-tablet-2 uagb-post__columns-mobile-1\" data-total=\"8\" style=\"\">\n\n\t\t\t\t\t\t\t\t\t\t\t\t<article class=\"uagb-post__inner-wrap\">\t\t\t\t\t\t\t\t<h4 class=\"uagb-post__title uagb-post__text\">\n\t\t\t\t<a href=\"https:\/\/www.ramaokanagan.org\/es\/no-honour-in-unesco-designation-built-on-farmworker-exploitation\/\" target=\"_self\" rel=\"bookmark noopener noreferrer\">No hay orgullo en que UNESCO designe Kelowna como Ciudad Creativa de la Gastronom\u00eda cuando trabajadores agr\u00edcolas son explotados para construirla<\/a>\n\t\t\t<\/h4>\n\t\t\t\t\t\t<div class='uagb-post__text uagb-post-grid-byline'>\n\t\t\t\t\t\t\t<\/div>\n\t\t\t\t\t\t\t<div class='uagb-post__text uagb-post__excerpt'>\n\t\t\t\t\t<p>On International Migrants\u2019 Day, migrant justice collective Rama Okanagan responds to Kelowna\u2019s designation as UNESCO Creative City of Gastronomy: \u201cWhere is the honour in&#8230;\t\t\t\t<\/div>\n\t\t\t\t\t\t<div class=\"uagb-post__text uagb-post__cta wp-block-button\">\n\t\t\t\t<a class=\"wp-block-button__link uagb-text-link\" style=\"\" href=\"https:\/\/www.ramaokanagan.org\/es\/no-honour-in-unesco-designation-built-on-farmworker-exploitation\/\" target=\"_self\" rel=\"bookmark noopener noreferrer\"><a href=\"https:\/\/www.ramaokanagan.org\/blog-2\/\" data-type=\"page\" data-id=\"81\">RAMA\u2019s Blog<\/a><\/a>\n\t\t\t<\/div>\n\t\t\t\n\t\t\t\t\t\t\t\t\t<\/article>\n\t\t\t\t\t\t\t\t\t\t\t\t\t\t\t\t<article class=\"uagb-post__inner-wrap\">\t\t\t\t\t\t\t\t<h4 class=\"uagb-post__title uagb-post__text\">\n\t\t\t\t<a href=\"https:\/\/www.ramaokanagan.org\/es\/we-condemn-ebys-statements-on-temporary-foreign-workers\/\" target=\"_self\" rel=\"bookmark noopener noreferrer\">We condemn Eby&#8217;s statements on temporary foreign workers<\/a>\n\t\t\t<\/h4>\n\t\t\t\t\t\t<div class='uagb-post__text uagb-post-grid-byline'>\n\t\t\t\t\t\t\t<\/div>\n\t\t\t\t\t\t\t<div class='uagb-post__text uagb-post__excerpt'>\n\t\t\t\t\t<p>Last week, BC\u2019s premier David Eby made public statements blaming migrants and the temporary foreign worker program for youth unemployment, and the increased demand&#8230;\t\t\t\t<\/div>\n\t\t\t\t\t\t<div class=\"uagb-post__text uagb-post__cta wp-block-button\">\n\t\t\t\t<a class=\"wp-block-button__link uagb-text-link\" style=\"\" href=\"https:\/\/www.ramaokanagan.org\/es\/we-condemn-ebys-statements-on-temporary-foreign-workers\/\" target=\"_self\" rel=\"bookmark noopener noreferrer\"><a href=\"https:\/\/www.ramaokanagan.org\/blog-2\/\" data-type=\"page\" data-id=\"81\">RAMA\u2019s Blog<\/a><\/a>\n\t\t\t<\/div>\n\t\t\t\n\t\t\t\t\t\t\t\t\t<\/article>\n\t\t\t\t\t\t\t\t\t\t\t\t\t\t\t\t<article class=\"uagb-post__inner-wrap\">\t\t\t\t\t\t\t\t<h4 class=\"uagb-post__title uagb-post__text\">\n\t\t\t\t<a href=\"https:\/\/www.ramaokanagan.org\/es\/ramas-new-logo-and-name-reflects-expanded-advocacy-work\/\" target=\"_self\" rel=\"bookmark noopener noreferrer\">RAMA\u2019s new logo and name reflects expanded advocacy work<\/a>\n\t\t\t<\/h4>\n\t\t\t\t\t\t<div class='uagb-post__text uagb-post-grid-byline'>\n\t\t\t\t\t\t\t<\/div>\n\t\t\t\t\t\t\t<div class='uagb-post__text uagb-post__excerpt'>\n\t\t\t\t\t<p>Over the past several years, RAMA Okanagan has expanded our work to include support and advocacy for migrant workers of varying immigration status in&#8230;\t\t\t\t<\/div>\n\t\t\t\t\t\t<div class=\"uagb-post__text uagb-post__cta wp-block-button\">\n\t\t\t\t<a class=\"wp-block-button__link uagb-text-link\" style=\"\" href=\"https:\/\/www.ramaokanagan.org\/es\/ramas-new-logo-and-name-reflects-expanded-advocacy-work\/\" target=\"_self\" rel=\"bookmark noopener noreferrer\"><a href=\"https:\/\/www.ramaokanagan.org\/blog-2\/\" data-type=\"page\" data-id=\"81\">RAMA\u2019s Blog<\/a><\/a>\n\t\t\t<\/div>\n\t\t\t\n\t\t\t\t\t\t\t\t\t<\/article>\n\t\t\t\t\t\t\t\t\t\t\t\t\t\t\t\t<article class=\"uagb-post__inner-wrap\">\t\t\t\t\t\t\t\t<h4 class=\"uagb-post__title uagb-post__text\">\n\t\t\t\t<a href=\"https:\/\/www.ramaokanagan.org\/es\/we-stand-in-solidarity-with-the-syilx-okanagan-nation-chiefs-and-condemn-the-actions-of-ubc-faculty-pursuing-legal-action\/\" target=\"_self\" rel=\"bookmark noopener noreferrer\">We stand in solidarity with the Syilx Okanagan Nation Chiefs and condemn the actions of UBC faculty pursuing legal action<\/a>\n\t\t\t<\/h4>\n\t\t\t\t\t\t<div class='uagb-post__text uagb-post-grid-byline'>\n\t\t\t\t\t\t\t<\/div>\n\t\t\t\t\t\t\t<div class='uagb-post__text uagb-post__excerpt'>\n\t\t\t\t\t<p>RAMA Okanagan stands in solidarity with the Syilx Okanagan Nation Chiefs and condemns the actions of the group of UBC faculty members who are&#8230;\t\t\t\t<\/div>\n\t\t\t\t\t\t<div class=\"uagb-post__text uagb-post__cta wp-block-button\">\n\t\t\t\t<a class=\"wp-block-button__link uagb-text-link\" style=\"\" href=\"https:\/\/www.ramaokanagan.org\/es\/we-stand-in-solidarity-with-the-syilx-okanagan-nation-chiefs-and-condemn-the-actions-of-ubc-faculty-pursuing-legal-action\/\" target=\"_self\" rel=\"bookmark noopener noreferrer\"><a href=\"https:\/\/www.ramaokanagan.org\/blog-2\/\" data-type=\"page\" data-id=\"81\">RAMA\u2019s Blog<\/a><\/a>\n\t\t\t<\/div>\n\t\t\t\n\t\t\t\t\t\t\t\t\t<\/article>\n\t\t\t\t\t\t\t\t\t\t\t<\/div>\n\t\t\t\n\t\t\t<\/div>\n\t\t<\/div>\n\n\t\t<style>\n\t\t\t\n\t\t\t#eb_container_JJOddtNhkOBBOaidaaeH {\n\t\t\t\tpadding-top: 0px;\n\t\t\t\tpadding-bottom: 5px;\n\t\t\t\tpadding-left: 0px;\n\t\t\t\tpadding-right: 0px;\n\t\t\t}\n\n\t\t\t@media (min-width: 768px) and (max-width: 1024px) {\n  \n\t\t\t \t#eb_container_JJOddtNhkOBBOaidaaeH {\n\t\t\t\t\tpadding-top: 0px;\n\t\t\t\t\tpadding-bottom: 0px;\n\t\t\t\t\tpadding-left: 0px;\n\t\t\t\t\tpadding-right: 0px;\n\t\t\t\t}\n\t\t\t  \n\t\t\t}\n\n\t\t\t@media (min-width: 320px) and (max-width: 767px) {\n  \n\t\t\t\t#eb_container_JJOddtNhkOBBOaidaaeH {\n\t\t\t\t\tpadding-top: 0px;\n\t\t\t\t\tpadding-bottom: 0px;\n\t\t\t\t\tpadding-left: 0px;\n\t\t\t\t\tpadding-right: 0px;\n\t\t\t\t}\n\t\t\t  \n\t\t\t}\n\n\t\t<\/style>\n\n\t\t\n\n\n\t\t<div class=\"container eb_block_container\">\n\t\t\t<div id=\"eb_container_DLhjs0bQdTQv1FWrAd77\" class=\"\">\n\t\t\t\t\n\n<p><\/p>\n\n\t\t\t<\/div>\n\t\t<\/div>\n\n\t\t<style>\n\t\t\t\n\t\t\t#eb_container_DLhjs0bQdTQv1FWrAd77 {\n\t\t\t\tpadding-top: 0px;\n\t\t\t\tpadding-bottom: 0px;\n\t\t\t\tpadding-left: 0px;\n\t\t\t\tpadding-right: 0px;\n\t\t\t}\n\n\t\t\t@media (min-width: 768px) and (max-width: 1024px) {\n  \n\t\t\t \t#eb_container_DLhjs0bQdTQv1FWrAd77 {\n\t\t\t\t\tpadding-top: 0px;\n\t\t\t\t\tpadding-bottom: 0px;\n\t\t\t\t\tpadding-left: 0px;\n\t\t\t\t\tpadding-right: 0px;\n\t\t\t\t}\n\t\t\t  \n\t\t\t}\n\n\t\t\t@media (min-width: 320px) and (max-width: 767px) {\n  \n\t\t\t\t#eb_container_DLhjs0bQdTQv1FWrAd77 {\n\t\t\t\t\tpadding-top: 0px;\n\t\t\t\t\tpadding-bottom: 0px;\n\t\t\t\t\tpadding-left: 0px;\n\t\t\t\t\tpadding-right: 0px;\n\t\t\t\t}\n\t\t\t  \n\t\t\t}\n\n\t\t<\/style>","protected":false},"excerpt":{"rendered":"","protected":false},"author":1,"featured_media":0,"parent":0,"menu_order":0,"comment_status":"closed","ping_status":"closed","template":"page-templates\/full-width.php","meta":{"_uag_custom_page_level_css":"","jetpack_post_was_ever_published":false,"footnotes":""},"class_list":["post-555","page","type-page","status-publish","hentry"],"uagb_featured_image_src":{"full":false,"thumbnail":false,"medium":false,"medium_large":false,"large":false,"elegant_blocks_team_1":false,"elegant_blocks_blog_1":false,"elegant_blocks_slider_1":false,"1536x1536":false,"2048x2048":false,"trp-custom-language-flag":false,"bizberg_medium":false,"bizberg_gallery":false,"bizberg_blog_list":false,"bizberg_detail_image":false,"bizberg_detail_image_no_sidebar":false,"bizberg_portfolio_homepage":false,"bizberg_blog_list_no_sidebar_1":false},"uagb_author_info":{"display_name":"RAMA Okanagan","author_link":"https:\/\/www.ramaokanagan.org\/es\/author\/kelisehahngmail-com\/"},"uagb_comment_info":0,"uagb_excerpt":null,"jetpack_sharing_enabled":true,"jetpack_shortlink":"https:\/\/wp.me\/P60BJJ-8X","_links":{"self":[{"href":"https:\/\/www.ramaokanagan.org\/es\/wp-json\/wp\/v2\/pages\/555","targetHints":{"allow":["GET"]}}],"collection":[{"href":"https:\/\/www.ramaokanagan.org\/es\/wp-json\/wp\/v2\/pages"}],"about":[{"href":"https:\/\/www.ramaokanagan.org\/es\/wp-json\/wp\/v2\/types\/page"}],"author":[{"embeddable":true,"href":"https:\/\/www.ramaokanagan.org\/es\/wp-json\/wp\/v2\/users\/1"}],"replies":[{"embeddable":true,"href":"https:\/\/www.ramaokanagan.org\/es\/wp-json\/wp\/v2\/comments?post=555"}],"version-history":[{"count":121,"href":"https:\/\/www.ramaokanagan.org\/es\/wp-json\/wp\/v2\/pages\/555\/revisions"}],"predecessor-version":[{"id":1532,"href":"https:\/\/www.ramaokanagan.org\/es\/wp-json\/wp\/v2\/pages\/555\/revisions\/1532"}],"wp:attachment":[{"href":"https:\/\/www.ramaokanagan.org\/es\/wp-json\/wp\/v2\/media?parent=555"}],"curies":[{"name":"wp","href":"https:\/\/api.w.org\/{rel}","templated":true}]}}