{"id":7,"date":"2015-03-29T19:40:50","date_gmt":"2015-03-29T19:40:50","guid":{"rendered":"http:\/\/www.ramaokanagan.org\/?page_id=7"},"modified":"2025-08-11T16:17:19","modified_gmt":"2025-08-11T16:17:19","slug":"collective-principles","status":"publish","type":"page","link":"https:\/\/www.ramaokanagan.org\/es\/about-rama\/collective-principles\/","title":{"rendered":"Principios de nuestro colectivo"},"content":{"rendered":"<div class=\"\"> \n\n\t\t<div class=\"mb_heading_wrapper\" id=\"mb_heading_id_4MRwqbWwmopa5BYzmcsO\">\n\t\t\t<h2>\n\t\t\t\t<strong>Principios de nuestro colectivo<\/strong>\t\t\t<\/h2>\n\n\t\t\t<div class=\"mb_separator_heading_wrapper\">\n\t\t\t\t<div class=\"mb_separator_heading\"><\/div>\n\t\t\t<\/div>\n\n\t\t\t\n\t\t<\/div>\n\n\t<\/div>\n\n\t<style>\n\n\t\t#mb_heading_id_4MRwqbWwmopa5BYzmcsO.mb_heading_wrapper{\n\t\t\ttext-align: center;\n\t\t}\t\n\n\t\t#mb_heading_id_4MRwqbWwmopa5BYzmcsO h2{\n\t\t\tfont-size: 20px;\n\t\t\tcolor: #000;\n\t\t\tmargin-bottom: 0px;\n\t\t}\n\n\t\t#mb_heading_id_4MRwqbWwmopa5BYzmcsO p{\n\t\t\tfont-size: 15px;\n\t\t\tcolor: #000;\n\t\t\tmargin-bottom: 0px;\n\t\t}\n\n\t\t#mb_heading_id_4MRwqbWwmopa5BYzmcsO .mb_separator_heading{\n\t\t\tborder-top-style: solid;\n\t\t\tborder-top-width: 2px;\n\t\t\twidth: 20%;\n\t\t\tcolor: #fb8813;\n\t\t\tmargin-bottom: 0px;\n\t\t\tdisplay: inline-block;\n\t\t}\n\n\t<\/style>\n\n\t\n\n\n<section class=\"wp-block-uagb-columns uagb-columns__wrap uagb-columns__stack-mobile uagb-columns__valign- uagb-columns__gap-15 align uagb-block-537ee934-8931-4e1e-908a-bb917fe5301b uagb-columns__columns-2 uagb-columns__max_width-custom\"><div class=\"uagb-columns__overlay\"><\/div><div class=\"uagb-columns__inner-wrap uagb-columns__columns-2\">\n<div class=\"wp-block-uagb-column uagb-column__wrap uagb-column__background-undefined uagb-block-8bec49dc-6e16-4270-badb-399949051646\"><div class=\"uagb-column__overlay\"><\/div>\n<div class=\"wp-block-uagb-info-box uagb-block-c6c70e7c-d3d2-43fa-8700-85380b351ab6 uagb-infobox__content-wrap  uagb-infobox-icon-left uagb-infobox-left uagb-infobox-stacked-tablet uagb-infobox-image-valign-top\"><div class=\"uagb-ifb-content\"><div class=\"uagb-ifb-title-wrap\"><h5 class=\"uagb-ifb-title\"><strong>Justicia para todos los migrantes<\/strong><\/h5><\/div><p class=\"uagb-ifb-desc translation-block\">Estamos comprometidos con la <strong>justicia para todos los migrantes<\/strong>. Esto quiere decir acabar con el desplazamiento, detenci\u00f3n y deportaci\u00f3n, as\u00ed como visas y permisos de trabajo y la criminalizaci\u00f3n del movimiento libre.<\/p><\/div><\/div>\n\n\n\n<div class=\"wp-block-uagb-info-box uagb-block-e8c4a9f3-809e-4501-9c9d-0afdbba85674 uagb-infobox__content-wrap  uagb-infobox-icon-left uagb-infobox-left uagb-infobox-stacked-tablet uagb-infobox-image-valign-top\"><div class=\"uagb-ifb-content\"><div class=\"uagb-ifb-title-wrap\"><h5 class=\"uagb-ifb-title\"><strong>Contra TODAS las formas de segregaci\u00f3n<\/strong><\/h5><\/div><p class=\"uagb-ifb-desc translation-block\">Apoyamos el derecho de todas las personas a quedarse, trasladarse, pertenecer, acceder servicios a participar libremente en todos los aspectos pol\u00edticos y de la vida comunitaria.<\/p><\/div><\/div>\n\n\n\n<div class=\"wp-block-uagb-info-box uagb-block-ed441244-2200-4375-a766-a9020e6c229d uagb-infobox__content-wrap  uagb-infobox-icon-left uagb-infobox-left uagb-infobox-stacked-tablet uagb-infobox-image-valign-top\"><div class=\"uagb-ifb-content\"><div class=\"uagb-ifb-title-wrap\"><h5 class=\"uagb-ifb-title\"><strong>Oposici\u00f3n al racismo en todas sus formas<\/strong><\/h5><\/div><p class=\"uagb-ifb-desc translation-block\">Nos oponemos al racismo en todas sus formas.  Desde actitudes racistas que contin\u00faan influenciando pol\u00edticas migratorias hasta la exclusi\u00f3n de grupos racializados al acceso de residencias permanentes, la proliferaci\u00f3n de xenofobia en contra de trabajadores \u201cextranjeros\u201d y la manifestaci\u00f3n de micro-agresiones comunes en contra de gente de color e ind\u00edgenas.<\/p><\/div><\/div>\n\n\n\n<div class=\"wp-block-uagb-info-box uagb-block-47c1bab9-d291-4e9e-ad7d-70581662b7d6 uagb-infobox__content-wrap  uagb-infobox-icon-left uagb-infobox-left uagb-infobox-stacked-tablet uagb-infobox-image-valign-top\"><div class=\"uagb-ifb-content\"><div class=\"uagb-ifb-title-wrap\"><h5 class=\"uagb-ifb-title\"><strong>Construir una comunidad<\/strong><\/h5><\/div><p class=\"uagb-ifb-desc translation-block\">Nos esforzamos en construir una comunidad de gente responsable por medio del respeto y cuidado mutuo. En nuestro trabajo, nos esforzamos por enfatizar las opiniones, voces, conocimiento y experiencias de aquellos que han sido oprimidos.<\/p><\/div><\/div>\n\n\n\n<div class=\"wp-block-uagb-info-box uagb-block-ccc00020-9309-45b1-a8d7-928645738ecb uagb-infobox__content-wrap  uagb-infobox-icon-left uagb-infobox-left uagb-infobox-stacked-tablet uagb-infobox-image-valign-top\"><div class=\"uagb-ifb-content\"><div class=\"uagb-ifb-title-wrap\"><h5 class=\"uagb-ifb-title\"><strong>Anti-capitalism<\/strong><\/h5><\/div><p class=\"uagb-ifb-desc translation-block\">Reconocemos que el capitalismo es una forma espec\u00edfica de producci\u00f3n que depende de la privatizaci\u00f3n y el despojo de los bienes comunes, la explotaci\u00f3n implacable del medio ambiente y de la concentraci\u00f3n de recursos en manos de pocos y por ende, creemos que hay mejores alternativas.<\/p><\/div><\/div>\n\n\n\n<div class=\"wp-block-uagb-info-box uagb-block-72f23748-012d-43c3-b21c-4c897dc4984f uagb-infobox__content-wrap  uagb-infobox-icon-left uagb-infobox-left uagb-infobox-stacked-tablet uagb-infobox-image-valign-top\"><div class=\"uagb-ifb-content\"><div class=\"uagb-ifb-title-wrap\"><h5 class=\"uagb-ifb-title\"><strong>Reconocer y valorar la labor emocional<\/strong><\/h5><\/div><p class=\"uagb-ifb-desc translation-block\">Reconocemos que los desbalances de poder y privilegio son aspectos inherentes a toda relaci\u00f3n social. Sin embargo, reconocemos y valoramos la labor emocional, que aunque es com\u00fanmente ignorada, es requerida para construir una comunidad que ofrezca dignidad para todos.<\/p><\/div><\/div>\n\n\n\n<div class=\"wp-block-uagb-info-box uagb-block-93aa3898-cb30-458d-a9e5-6a1c1b1b94e3 uagb-infobox__content-wrap  uagb-infobox-icon-left uagb-infobox-left uagb-infobox-stacked-tablet uagb-infobox-image-valign-top\"><div class=\"uagb-ifb-content\"><div class=\"uagb-ifb-title-wrap\"><h5 class=\"uagb-ifb-title\"><strong>Promover resistencia colectiva, antisist\u00e9mica y de base<\/strong><\/h5><\/div><p class=\"uagb-ifb-desc translation-block\">Promovemos colectivos con movimientos de base, antisist\u00e9mico y de resistencia y nos esforzamos por progresar humildemente a trav\u00e9s de la participaci\u00f3n democr\u00e1tica, las decisiones horizontales y la escucha activa. Emprendemos esta lucha que es interdependiente para la liberaci\u00f3n con convicci\u00f3n, humildad y furor digno.<\/p><\/div><\/div>\n<\/div>\n\n\n\n<div class=\"wp-block-uagb-column uagb-column__wrap uagb-column__background-undefined uagb-block-a6e2547f-d087-4060-80fd-1fadb81e4b3f\"><div class=\"uagb-column__overlay\"><\/div>\n<div class=\"wp-block-uagb-info-box uagb-block-51232f73-990f-4cfc-afad-3b87dd89ba3f uagb-infobox__content-wrap  uagb-infobox-icon-left uagb-infobox-left uagb-infobox-stacked-tablet uagb-infobox-image-valign-top\"><div class=\"uagb-ifb-content\"><div class=\"uagb-ifb-title-wrap\"><h5 class=\"uagb-ifb-title\"><strong>Contra TODAS las formas de segregaci\u00f3n<\/strong><\/h5><\/div><p class=\"uagb-ifb-desc translation-block\">Nuestra lucha es contra TODAS las formas de segregaci\u00f3n, en el ambiente de trabajo, en la comunidad, en el estado y a nivel global. Buscamos la erradicaci\u00f3n de fronteras de estado, su control y los reg\u00edmenes de seguridad. Asimismo, buscamos la erradicaci\u00f3n de la segregaci\u00f3n forzada en la vivienda y el trabajo, los cuales continuan existiendo en nuestra comunidad, nuestras f\u00e1bricas, empacadoras y granjas.<\/p><\/div><\/div>\n\n\n\n<div class=\"wp-block-uagb-info-box uagb-block-56c8f3c9-0df4-4c5f-a43f-df8292f40c48 uagb-infobox__content-wrap  uagb-infobox-icon-left uagb-infobox-left uagb-infobox-stacked-tablet uagb-infobox-image-valign-top\"><div class=\"uagb-ifb-content\"><div class=\"uagb-ifb-title-wrap\"><h5 class=\"uagb-ifb-title\"><strong>Respeto por los derechos Ind\u00edgenas<\/strong><\/h5><\/div><p class=\"uagb-ifb-desc translation-block\">Respetamos los derechos Ind\u00edgenas sobre sus tierras y formas de vida. Apoyamos su lucha para su autogobierno y soberanidad en la Isla Tortuga y en el mundo.<\/p><\/div><\/div>\n\n\n\n<div class=\"wp-block-uagb-info-box uagb-block-f1742591-b8e0-46c4-8a68-b75605379633 uagb-infobox__content-wrap  uagb-infobox-icon-left uagb-infobox-left uagb-infobox-stacked-tablet uagb-infobox-image-valign-top\"><div class=\"uagb-ifb-content\"><div class=\"uagb-ifb-title-wrap\"><h5 class=\"uagb-ifb-title\"><strong>Acceso universal al sistema de salud y servicios<\/strong><\/h5><\/div><p class=\"uagb-ifb-desc translation-block\">Apoyamos el acceso universal al sistema de salud y servicios. Defendemos el derecho de las personas para determinar lo que necesitan para alcanzar un bienestar hol\u00edstico y todo lo que esto conlleva f\u00edsica, mental, espiritual y emocionalmente.<\/p><\/div><\/div>\n\n\n\n<div class=\"wp-block-uagb-info-box uagb-block-a0be388f-5f85-4736-a184-50f8130cddda uagb-infobox__content-wrap  uagb-infobox-icon-left uagb-infobox-left uagb-infobox-stacked-tablet uagb-infobox-image-valign-top\"><div class=\"uagb-ifb-content\"><div class=\"uagb-ifb-title-wrap\"><h5 class=\"uagb-ifb-title\"><strong>Feminista y Queer<\/strong> <\/h5><\/div><p class=\"uagb-ifb-desc translation-block\">Somos un colectivo feminista y queer que fomenta la libre expresi\u00f3n de diversos g\u00e9neros y sexualidades sin violencia, intimidaci\u00f3n o explotaci\u00f3n. Estamos en contra de la selecci\u00f3n, el reclutamiento y la segregaci\u00f3n de trabajadores migrantes en base a su g\u00e9nero y abogamos por pr\u00e1cticas laborales que apoyen a las mujeres y madres dentro y fuera del lugar de trabajo.<\/p><\/div><\/div>\n\n\n\n<div class=\"wp-block-uagb-info-box uagb-block-632c8b22-0294-479f-a807-e0d6729f3102 uagb-infobox__content-wrap  uagb-infobox-icon-left uagb-infobox-left uagb-infobox-stacked-tablet uagb-infobox-image-valign-top\"><div class=\"uagb-ifb-content\"><div class=\"uagb-ifb-title-wrap\"><h5 class=\"uagb-ifb-title\"><strong>Valorar y respetar el planeta Tierra<\/strong>h<\/h5><\/div><p class=\"uagb-ifb-desc translation-block\">Valoramos y respetamos el planeta Tierra y sus frutos que nos sostienen. Sin embargo, \n reconocemos que la gente de color, Ind\u00edgenas, los habitantes del Sur Global y la gente en situaci\u00f3n de pobreza son los m\u00e1s afectados por la devastaci\u00f3n del medio ambiente. Por esta raz\u00f3n, nuestra lucha est\u00e1 guiada por principios de redistribuci\u00f3n y justicia ambiental.<\/p><\/div><\/div>\n\n\n\n<div class=\"wp-block-uagb-info-box uagb-block-be88af1e-e7bc-4da8-9aa7-50479bba11e4 uagb-infobox__content-wrap  uagb-infobox-icon-left uagb-infobox-left uagb-infobox-stacked-tablet uagb-infobox-image-valign-top\"><div class=\"uagb-ifb-content\"><div class=\"uagb-ifb-title-wrap\"><h5 class=\"uagb-ifb-title\"><strong>Contra de la violencia del colonialismo y el neoliberalismo<\/strong><\/h5><\/div><p class=\"uagb-ifb-desc translation-block\">Nuestra lucha es en contra de la violencia del colonialismo y el neoliberalismo, de la represi\u00f3n, el trauma y la soledad que estos promueven en este mundo.<\/p><\/div><\/div>\n<\/div>\n<\/div><\/section>\n\n\n\n<p><\/p>","protected":false},"excerpt":{"rendered":"","protected":false},"author":1,"featured_media":0,"parent":135,"menu_order":0,"comment_status":"closed","ping_status":"closed","template":"page-templates\/full-width-container.php","meta":{"_uag_custom_page_level_css":"","jetpack_post_was_ever_published":false,"footnotes":""},"class_list":["post-7","page","type-page","status-publish","hentry"],"uagb_featured_image_src":{"full":false,"thumbnail":false,"medium":false,"medium_large":false,"large":false,"elegant_blocks_team_1":false,"elegant_blocks_blog_1":false,"elegant_blocks_slider_1":false,"1536x1536":false,"2048x2048":false,"trp-custom-language-flag":false,"bizberg_medium":false,"bizberg_gallery":false,"bizberg_blog_list":false,"bizberg_detail_image":false,"bizberg_detail_image_no_sidebar":false,"bizberg_portfolio_homepage":false,"bizberg_blog_list_no_sidebar_1":false},"uagb_author_info":{"display_name":"RAMA Okanagan","author_link":"https:\/\/www.ramaokanagan.org\/es\/author\/kelisehahngmail-com\/"},"uagb_comment_info":0,"uagb_excerpt":null,"jetpack_sharing_enabled":true,"jetpack_shortlink":"https:\/\/wp.me\/P60BJJ-7","_links":{"self":[{"href":"https:\/\/www.ramaokanagan.org\/es\/wp-json\/wp\/v2\/pages\/7","targetHints":{"allow":["GET"]}}],"collection":[{"href":"https:\/\/www.ramaokanagan.org\/es\/wp-json\/wp\/v2\/pages"}],"about":[{"href":"https:\/\/www.ramaokanagan.org\/es\/wp-json\/wp\/v2\/types\/page"}],"author":[{"embeddable":true,"href":"https:\/\/www.ramaokanagan.org\/es\/wp-json\/wp\/v2\/users\/1"}],"replies":[{"embeddable":true,"href":"https:\/\/www.ramaokanagan.org\/es\/wp-json\/wp\/v2\/comments?post=7"}],"version-history":[{"count":37,"href":"https:\/\/www.ramaokanagan.org\/es\/wp-json\/wp\/v2\/pages\/7\/revisions"}],"predecessor-version":[{"id":1534,"href":"https:\/\/www.ramaokanagan.org\/es\/wp-json\/wp\/v2\/pages\/7\/revisions\/1534"}],"up":[{"embeddable":true,"href":"https:\/\/www.ramaokanagan.org\/es\/wp-json\/wp\/v2\/pages\/135"}],"wp:attachment":[{"href":"https:\/\/www.ramaokanagan.org\/es\/wp-json\/wp\/v2\/media?parent=7"}],"curies":[{"name":"wp","href":"https:\/\/api.w.org\/{rel}","templated":true}]}}